{"id":15656,"date":"2024-06-20T12:56:42","date_gmt":"2024-06-20T10:56:42","guid":{"rendered":"https:\/\/ktr.ff.ukf.sk\/?page_id=15656"},"modified":"2025-02-13T18:42:26","modified_gmt":"2025-02-13T17:42:26","slug":"theses","status":"publish","type":"page","link":"https:\/\/ktr.ff.ukf.sk\/en\/pre-studentov\/theses\/","title":{"rendered":"Theses"},"content":{"rendered":"<div class=\"item_fulltext\">\n<p style=\"text-align: justify;\"><strong>Since 22nd February 2013<\/strong> students must submit their thesis for text originality control via <strong><a href=\"https:\/\/ais2.ukf.sk\/ais\/start.do\" target=\"_blank\" rel=\"noopener noreferrer\">the AiS2 system<\/a><\/strong>.<\/p>\n<p style=\"text-align: justify;\">BA Thesis formal guidelines for Translation Studies programmes (available only in Slovak).<\/p>\n<p style=\"text-align: justify;\">Z\u00e1vere\u010dn\u00e9 pr\u00e1ce vlo\u017een\u00e9 do EZP s\u00fa k dispoz\u00edcii v Online katal\u00f3gu UK UKF \u2013 Roz\u0161\u00edren\u00e9 h\u013eadanie \u2013 v\u0161etky fondy.<\/p>\n<p style=\"text-align: justify;\"><a href=\"https:\/\/www.ukf.sk\/intranet\/vnutorne-predpisy\/73-moja-ukf\/3794-13-2020\">13\/2020 Directive on BA, MA, rigorous and PhD theses (in Slovak only)<\/a><\/p>\n<p style=\"text-align: justify;\">Annex A \u2013 <strong>Thesis assignment model<\/strong><\/p>\n<p style=\"text-align: justify;\">Annex B\u00a0\u2013 <strong>Thesis cover model<\/strong><\/p>\n<p style=\"text-align: justify;\"><a title=\"Download annex\" href=\"\/wp-content\/uploads\/2024\/06\/prilohac-vzortitulneholistu.doc\">Annex C \u2013 <strong>Thesis front page model<\/strong><\/a><\/p>\n<p style=\"text-align: justify;\">Annex D\u00a0\u2013 <strong>Author-date citation model<\/strong><\/p>\n<p style=\"text-align: justify;\">Annex E\u00a0\u2013 <strong>Copyright agreement model<\/strong><\/p>\n<p style=\"text-align: justify;\">Annex F\u00a0\u2013 <strong>Author declaration mode<\/strong><\/p>\n<p style=\"text-align: justify;\">All of the above-mentioned document are available <strong><a href=\"http:\/\/www.uk.ukf.sk\/sk\/zaverecne-prace\" target=\"_blank\" rel=\"noopener noreferrer\">here<\/a><\/strong> (in Slovak only).<\/p>\n<p style=\"text-align: justify;\"><a href=\"\/wp-content\/uploads\/2024\/06\/prevencia-odhalovanie-plagiatorstva.pdf\">J\u00e1n Skalka a kol.: Prevencia a odha\u013eovanie plagi\u00e1torstva<\/a><\/p>\n<p style=\"text-align: justify;\">Instructions for defending of BA Thesis at the Department of Translation Studies FA CPU in Nitra can be found <a href=\"\/wp-content\/uploads\/2024\/06\/pokyny-k-obhajobe-bp-ktr.pdf\">here<\/a>.<\/p>\n<p style=\"text-align: justify;\">Instructions for defending of MA Thesis at the Department of Translation Studies FA CPU in Nitra can be found <a href=\"\/wp-content\/uploads\/2024\/06\/pokyny-k-obhajobe-dp-ktr.pdf\">here<\/a>.<\/p>\n<\/div>\n","protected":false},"excerpt":{"rendered":"<p>Since 22nd February 2013 students must submit their thesis for&#8230;<\/p>\n","protected":false},"author":14,"featured_media":0,"parent":15665,"menu_order":4,"comment_status":"closed","ping_status":"closed","template":"","meta":{"_acf_changed":false,"footnotes":""},"class_list":["post-15656","page","type-page","status-publish","hentry"],"acf":[],"yoast_head":"<!-- This site is optimized with the Yoast SEO plugin v27.0 - https:\/\/yoast.com\/product\/yoast-seo-wordpress\/ -->\n<title>Theses - Katedra translatologie<\/title>\n<meta name=\"robots\" content=\"index, follow, max-snippet:-1, max-image-preview:large, max-video-preview:-1\" \/>\n<link rel=\"canonical\" href=\"https:\/\/ktr.ff.ukf.sk\/en\/pre-studentov\/theses\/\" \/>\n<meta property=\"og:locale\" content=\"en_US\" \/>\n<meta property=\"og:type\" content=\"article\" \/>\n<meta property=\"og:title\" content=\"Theses - Katedra translatologie\" \/>\n<meta property=\"og:description\" content=\"Since 22nd February 2013 students must submit their thesis for...\" \/>\n<meta property=\"og:url\" content=\"https:\/\/ktr.ff.ukf.sk\/en\/pre-studentov\/theses\/\" \/>\n<meta property=\"og:site_name\" content=\"Katedra translatologie\" \/>\n<meta property=\"article:modified_time\" content=\"2025-02-13T17:42:26+00:00\" \/>\n<meta name=\"twitter:card\" content=\"summary_large_image\" \/>\n<meta name=\"twitter:label1\" content=\"Est. reading time\" \/>\n\t<meta name=\"twitter:data1\" content=\"1 minute\" \/>\n<script type=\"application\/ld+json\" class=\"yoast-schema-graph\">{\"@context\":\"https:\/\/schema.org\",\"@graph\":[{\"@type\":\"WebPage\",\"@id\":\"https:\/\/ktr.ff.ukf.sk\/en\/pre-studentov\/theses\/\",\"url\":\"https:\/\/ktr.ff.ukf.sk\/en\/pre-studentov\/theses\/\",\"name\":\"Theses - Katedra translatologie\",\"isPartOf\":{\"@id\":\"https:\/\/ktr.ff.ukf.sk\/#website\"},\"datePublished\":\"2024-06-20T10:56:42+00:00\",\"dateModified\":\"2025-02-13T17:42:26+00:00\",\"breadcrumb\":{\"@id\":\"https:\/\/ktr.ff.ukf.sk\/en\/pre-studentov\/theses\/#breadcrumb\"},\"inLanguage\":\"en-US\",\"potentialAction\":[{\"@type\":\"ReadAction\",\"target\":[\"https:\/\/ktr.ff.ukf.sk\/en\/pre-studentov\/theses\/\"]}]},{\"@type\":\"BreadcrumbList\",\"@id\":\"https:\/\/ktr.ff.ukf.sk\/en\/pre-studentov\/theses\/#breadcrumb\",\"itemListElement\":[{\"@type\":\"ListItem\",\"position\":1,\"name\":\"Home\",\"item\":\"https:\/\/ktr.ff.ukf.sk\/en\/\"},{\"@type\":\"ListItem\",\"position\":2,\"name\":\"For Students\",\"item\":\"https:\/\/ktr.ff.ukf.sk\/en\/pre-studentov\/\"},{\"@type\":\"ListItem\",\"position\":3,\"name\":\"Theses\"}]},{\"@type\":\"WebSite\",\"@id\":\"https:\/\/ktr.ff.ukf.sk\/#website\",\"url\":\"https:\/\/ktr.ff.ukf.sk\/\",\"name\":\"Katedra translatologie\",\"description\":\"\",\"publisher\":{\"@id\":\"https:\/\/ktr.ff.ukf.sk\/#organization\"},\"potentialAction\":[{\"@type\":\"SearchAction\",\"target\":{\"@type\":\"EntryPoint\",\"urlTemplate\":\"https:\/\/ktr.ff.ukf.sk\/?s={search_term_string}\"},\"query-input\":{\"@type\":\"PropertyValueSpecification\",\"valueRequired\":true,\"valueName\":\"search_term_string\"}}],\"inLanguage\":\"en-US\"},{\"@type\":\"Organization\",\"@id\":\"https:\/\/ktr.ff.ukf.sk\/#organization\",\"name\":\"Katedra translatologie\",\"url\":\"https:\/\/ktr.ff.ukf.sk\/\",\"logo\":{\"@type\":\"ImageObject\",\"inLanguage\":\"en-US\",\"@id\":\"https:\/\/ktr.ff.ukf.sk\/#\/schema\/logo\/image\/\",\"url\":\"https:\/\/ktr.ff.ukf.sk\/wp-content\/uploads\/2024\/02\/logo-translatologia.png\",\"contentUrl\":\"https:\/\/ktr.ff.ukf.sk\/wp-content\/uploads\/2024\/02\/logo-translatologia.png\",\"width\":500,\"height\":120,\"caption\":\"Katedra translatologie\"},\"image\":{\"@id\":\"https:\/\/ktr.ff.ukf.sk\/#\/schema\/logo\/image\/\"}}]}<\/script>\n<!-- \/ Yoast SEO plugin. -->","yoast_head_json":{"title":"Theses - Katedra translatologie","robots":{"index":"index","follow":"follow","max-snippet":"max-snippet:-1","max-image-preview":"max-image-preview:large","max-video-preview":"max-video-preview:-1"},"canonical":"https:\/\/ktr.ff.ukf.sk\/en\/pre-studentov\/theses\/","og_locale":"en_US","og_type":"article","og_title":"Theses - Katedra translatologie","og_description":"Since 22nd February 2013 students must submit their thesis for...","og_url":"https:\/\/ktr.ff.ukf.sk\/en\/pre-studentov\/theses\/","og_site_name":"Katedra translatologie","article_modified_time":"2025-02-13T17:42:26+00:00","twitter_card":"summary_large_image","twitter_misc":{"Est. reading time":"1 minute"},"schema":{"@context":"https:\/\/schema.org","@graph":[{"@type":"WebPage","@id":"https:\/\/ktr.ff.ukf.sk\/en\/pre-studentov\/theses\/","url":"https:\/\/ktr.ff.ukf.sk\/en\/pre-studentov\/theses\/","name":"Theses - Katedra translatologie","isPartOf":{"@id":"https:\/\/ktr.ff.ukf.sk\/#website"},"datePublished":"2024-06-20T10:56:42+00:00","dateModified":"2025-02-13T17:42:26+00:00","breadcrumb":{"@id":"https:\/\/ktr.ff.ukf.sk\/en\/pre-studentov\/theses\/#breadcrumb"},"inLanguage":"en-US","potentialAction":[{"@type":"ReadAction","target":["https:\/\/ktr.ff.ukf.sk\/en\/pre-studentov\/theses\/"]}]},{"@type":"BreadcrumbList","@id":"https:\/\/ktr.ff.ukf.sk\/en\/pre-studentov\/theses\/#breadcrumb","itemListElement":[{"@type":"ListItem","position":1,"name":"Home","item":"https:\/\/ktr.ff.ukf.sk\/en\/"},{"@type":"ListItem","position":2,"name":"For Students","item":"https:\/\/ktr.ff.ukf.sk\/en\/pre-studentov\/"},{"@type":"ListItem","position":3,"name":"Theses"}]},{"@type":"WebSite","@id":"https:\/\/ktr.ff.ukf.sk\/#website","url":"https:\/\/ktr.ff.ukf.sk\/","name":"Katedra translatologie","description":"","publisher":{"@id":"https:\/\/ktr.ff.ukf.sk\/#organization"},"potentialAction":[{"@type":"SearchAction","target":{"@type":"EntryPoint","urlTemplate":"https:\/\/ktr.ff.ukf.sk\/?s={search_term_string}"},"query-input":{"@type":"PropertyValueSpecification","valueRequired":true,"valueName":"search_term_string"}}],"inLanguage":"en-US"},{"@type":"Organization","@id":"https:\/\/ktr.ff.ukf.sk\/#organization","name":"Katedra translatologie","url":"https:\/\/ktr.ff.ukf.sk\/","logo":{"@type":"ImageObject","inLanguage":"en-US","@id":"https:\/\/ktr.ff.ukf.sk\/#\/schema\/logo\/image\/","url":"https:\/\/ktr.ff.ukf.sk\/wp-content\/uploads\/2024\/02\/logo-translatologia.png","contentUrl":"https:\/\/ktr.ff.ukf.sk\/wp-content\/uploads\/2024\/02\/logo-translatologia.png","width":500,"height":120,"caption":"Katedra translatologie"},"image":{"@id":"https:\/\/ktr.ff.ukf.sk\/#\/schema\/logo\/image\/"}}]}},"_links":{"self":[{"href":"https:\/\/ktr.ff.ukf.sk\/en\/wp-json\/wp\/v2\/pages\/15656","targetHints":{"allow":["GET"]}}],"collection":[{"href":"https:\/\/ktr.ff.ukf.sk\/en\/wp-json\/wp\/v2\/pages"}],"about":[{"href":"https:\/\/ktr.ff.ukf.sk\/en\/wp-json\/wp\/v2\/types\/page"}],"author":[{"embeddable":true,"href":"https:\/\/ktr.ff.ukf.sk\/en\/wp-json\/wp\/v2\/users\/14"}],"replies":[{"embeddable":true,"href":"https:\/\/ktr.ff.ukf.sk\/en\/wp-json\/wp\/v2\/comments?post=15656"}],"version-history":[{"count":3,"href":"https:\/\/ktr.ff.ukf.sk\/en\/wp-json\/wp\/v2\/pages\/15656\/revisions"}],"predecessor-version":[{"id":17052,"href":"https:\/\/ktr.ff.ukf.sk\/en\/wp-json\/wp\/v2\/pages\/15656\/revisions\/17052"}],"up":[{"embeddable":true,"href":"https:\/\/ktr.ff.ukf.sk\/en\/wp-json\/wp\/v2\/pages\/15665"}],"wp:attachment":[{"href":"https:\/\/ktr.ff.ukf.sk\/en\/wp-json\/wp\/v2\/media?parent=15656"}],"curies":[{"name":"wp","href":"https:\/\/api.w.org\/{rel}","templated":true}]}}