{"id":15654,"date":"2024-06-20T12:48:51","date_gmt":"2024-06-20T10:48:51","guid":{"rendered":"https:\/\/ktr.ff.ukf.sk\/?page_id=15654"},"modified":"2025-02-13T18:40:22","modified_gmt":"2025-02-13T17:40:22","slug":"masters-study-programme","status":"publish","type":"page","link":"https:\/\/ktr.ff.ukf.sk\/en\/pre-studentov\/masters-study-programme\/","title":{"rendered":"Master&#8217;s Study Programme"},"content":{"rendered":"<div class=\"item_fulltext\">\n<div class=\"item_fulltext\">\n<p style=\"text-align: justify;\">The Department of Translation Studies currently provides education in the field of translation and interpreting in a combination of study programmes:<\/p>\n<p style=\"text-align: justify;\"><strong>English Language and Culture \u2013 German Language and Culture<\/strong><\/p>\n<p style=\"text-align: justify;\">Duration: 2 years (4 terms)<br \/>\nForm: full-time<br \/>\nStudy program supervisors: Prof. Edita Gromov\u00e1, Doc. Ru\u017eena \u017dilov\u00e1, PhD. and Prof. Daniela M\u00fcglov\u00e1, PhD.<br \/>\n<a href=\"\/wp-content\/uploads\/2024\/06\/tan22m-en.pdf\">Study programme<\/a><br \/>\nMaster\u2019s degree (Mgr.)<\/p>\n<p style=\"text-align: justify;\"><strong>English Language and Culture \u2013 Russian Language and Culture<\/strong><\/p>\n<p style=\"text-align: justify;\">Duration: 2 years (4 terms)<br \/>\nForm: full-time<br \/>\nStudy program supervisors: Prof. Edita Gromov\u00e1, PhD., Prof. Daniela M\u00fcglov\u00e1, PhD. and Prof. Nat\u00e1lia Mur\u00e1nska, PhD.<br \/>\n<a href=\"\/wp-content\/uploads\/2024\/06\/tar22m-en.pdf\">Study programme<\/a><br \/>\nMaster\u2019s degree (Mgr.)<\/p>\n<p style=\"text-align: justify;\"><strong>English Language and Culture \u2013 Slovak Language and Culture<\/strong><\/p>\n<p style=\"text-align: justify;\">Duration: 2 years (4 terms)<br \/>\nForm: full-time<br \/>\nStudy program supervisors: Prof. Edita Gromov\u00e1, PhD., Prof. Daniela M\u00fcglov\u00e1, PhD. and Doc. Martin Pukanec, PhD.<br \/>\n<a href=\"\/wp-content\/uploads\/2024\/06\/tas22m-en.pdf\">Study programme<\/a><br \/>\nMaster\u2019s degree (Mgr.)<\/p>\n<p style=\"text-align: justify;\"><strong>English Language and Culture \u2013 Spanish Language and Culture<\/strong><br \/>\nDuration: 2 years (4 terms)<br \/>\nForm: full-time<br \/>\nStudy program supervisors: prof. PhDr. Daniela M\u00fcglov\u00e1, CSc, prof. PhDr. Edita Gromov\u00e1, CSc. and doc. Mgr. Edita Horn\u00e1\u010dkov\u00e1 Klapicov\u00e1, PhD.<br \/>\n<a href=\"\/wp-content\/uploads\/2024\/06\/tasp22m-en.pdf\">Study programme<\/a><br \/>\nMaster\u2019s degree (Mgr.)<\/p>\n<p style=\"text-align: justify;\"><strong>German Language and Culture \u2013 Russian Language and Culture<br \/>\n<\/strong><\/p>\n<p style=\"text-align: justify;\">Duration: 2 years (4 terms)<br \/>\nForm: full-time<br \/>\nStudy program supervisors: Doc. Ru\u017eena \u017dilov\u00e1, PhD., Prof. Daniela M\u00fcglov\u00e1, PhD. and Prof. Nat\u00e1lia Mur\u00e1nska, PhD.<br \/>\n<a href=\"\/wp-content\/uploads\/2024\/06\/tnr22m-en.pdf\">Study programme<\/a><br \/>\nMaster\u2019s degree (Mgr.)<\/p>\n<p style=\"text-align: justify;\"><strong>German Language and Culture \u2013 Slovak Language and Culture<br \/>\n<\/strong><\/p>\n<p style=\"text-align: justify;\">Duration: 2 years (4 terms)<br \/>\nForm: full-time<br \/>\nStudy program supervisors: Doc. Ru\u017eena \u017dilov\u00e1, PhD., Prof. Daniela M\u00fcglov\u00e1, PhD. and Doc. Martin Pukanec, PhD.<br \/>\n<a href=\"\/wp-content\/uploads\/2024\/06\/tns22m-en.pdf\">Study programme<\/a><br \/>\nMaster\u2019s degree (Mgr.)<\/p>\n<p style=\"text-align: justify;\"><strong>German Language and Culture \u2013 Spanish Language and Culture<\/strong><br \/>\nDuration: 2 years (4 terms)<br \/>\nForm: full-time<br \/>\nStudy program supervisors: prof. PhDr. Daniela M\u00fcglov\u00e1, CSc, doc. PhDr. Ru\u017eena \u017dilov\u00e1, PhD. and doc. Mgr. Edita Horn\u00e1\u010dkov\u00e1 Klapicov\u00e1, PhD<br \/>\n<a href=\"\/wp-content\/uploads\/2024\/06\/tnsp22m-en.pdf\">Study programme<\/a><br \/>\nMaster\u2019s degree (Mgr.)<\/p>\n<p style=\"text-align: justify;\"><strong>Russian Language and Culture \u2013 Slovak Language and Culture<\/strong><\/p>\n<p style=\"text-align: justify;\">Duration: 2 years (4 terms)<br \/>\nForm: full-time<br \/>\nStudy program supervisors: Prof. Nat\u00e1lia Mur\u00e1nska, PhD., Prof. Daniela M\u00fcglov\u00e1, PhD. and Doc. Martin Pukanec, PhD.<br \/>\n<a href=\"\/wp-content\/uploads\/2024\/06\/trs22m-en.pdf\">Study programme<\/a><br \/>\nMaster\u2019s degree (Mgr.)<\/p>\n<p style=\"text-align: justify;\"><strong>Russian Language and Culture \u2013 Spanish Language and Culture<\/strong><br \/>\nDuration: 2 years (4 terms)<br \/>\nForm: full-time<br \/>\nStudy program supervisors: prof. PhDr. Daniela M\u00fcglov\u00e1, CSc, prof. Nat\u00e1lia Mur\u00e1nska, PhD. and doc. Mgr. Edita Horn\u00e1\u010dkov\u00e1 Klapicov\u00e1, PhD.<br \/>\n<a href=\"\/wp-content\/uploads\/2024\/06\/trsp22m-en.pdf\">Study programme<\/a><br \/>\nMaster\u2019s degree (Mgr.)<\/p>\n<p style=\"text-align: justify;\"><strong>Slovak Language and Culture \u2013 Spanish Language and Culture<\/strong><br \/>\nDuration: 2 years (4 terms)<br \/>\nForm: full-time<br \/>\nStudy program supervisors: prof. PhDr. Daniela M\u00fcglov\u00e1, CSc, doc. Mgr. Martin Diweg-Pukanec, PhD. and doc. Mgr. Edita Horn\u00e1\u010dkov\u00e1 Klapicov\u00e1, PhD.<br \/>\n<a href=\"\/wp-content\/uploads\/2024\/06\/tssp22m-en.pdf\">Study programme<\/a><br \/>\nMaster\u2019s degree (Mgr.)<\/p>\n<h5 style=\"text-align: justify;\">Graduate profile<\/h5>\n<p style=\"text-align: justify;\">Graduates from this study programme (level 2) will acquire wide theoretical knowledge about translation and interpreting, will be able to compare their language, culture and social systems and will be able to communicate in all language styles, e.g. artistic, technical, journalistic, and advertising, in both written and oral form on an adequate level. Graduates will master all the necessary techniques, skills, habits and strategies in order to translate texts for specific purposes and literary texts, and acquire skills in consecutive and simultaneous interpreting. They will achieve a high level of language proficiency in both, mother tongue and the foreign language as well as in their translation and interpreting competencies. They will also become aware of the legal, economic and practical aspects of the work of translators and interpreters. They will acquire a profound knowledge of foreign language and literature extending the field of their potential employment.<\/p>\n<h5 style=\"text-align: justify;\">Employment possibilities<\/h5>\n<p style=\"text-align: justify;\">A graduate may find work:<\/p>\n<ul style=\"text-align: justify;\">\n<li class=\"firstItem\">as a translator or interpreter of at least one foreign language,<\/li>\n<li>as an advisor in non-governmental organisations and in non-profit sector,<\/li>\n<li>as a diplomat,<\/li>\n<li>in cultural and educational organisations,<\/li>\n<li>as an editor,<\/li>\n<li class=\"lastItem\">or can carry out research in translation studies.<\/li>\n<\/ul>\n<h5 style=\"text-align: justify;\">Structure<\/h5>\n<p style=\"text-align: justify;\">The structure of the MA study programmes reflects the competencies for professional translators and the requirements and needs of the market in the area of translating and interpreting. The students are trained to acquire the knowledge and skills important for their future career. That is why there are so-called common core subjects for all study programmes (Social, Ethical and Administrative Aspects of the Translator`s Profession, Computer Assisted Translation, Lexicography and Terminography), and a compulsory subject Translation and Interpreting Practice (a minimum two-week internship in Slovakia or abroad).<\/p>\n<h5 style=\"text-align: justify;\">Objectives<\/h5>\n<ul style=\"text-align: justify;\">\n<li class=\"firstItem\">to provide the training required for the work of a professional translator and\/or interpreter in a variety of professional contexts,<\/li>\n<li>to enable students to develop analytical skills and critical understanding of translation study theories and concepts, and their application in the processes of translating and interpreting and to exercise substantial autonomy and ability to use information to support and substantiate their claims,<\/li>\n<li class=\"lastItem\">to develop subject specific skills (mastery of skills and techniques of translation and interpreting on a professional level, ability to use a range of computer-assisted translation tools, critical awareness of ethical and professional issues in translating and interpreting relevant for cross-cultural communication).<\/li>\n<\/ul>\n<h5 style=\"text-align: justify;\">Main focus<\/h5>\n<p style=\"text-align: justify;\">There are practical translation and interpreting seminars focused on different types of texts (political, social and cultural, business and economic, legal, technical, medical, etc.) for each foreign language offered within the study programmes.<\/p>\n<p style=\"text-align: justify;\">Source and target language(s)are Slovak, English, German, Russian, and Spanish.*<\/p>\n<p style=\"text-align: justify;\">Strengths (e.g. cooperation with other faculties): international cooperation (already a member of EMT), experienced and trained staff, an independent Translation Studies department, good technical infrastructure, strong cooperation with the labour market actors, an interdisciplinary and innovative approach (MT, audio-visual translation, stress management, lexicography and terminography), an abundant project and research portfolio, publications in WoK and SCOPUS citation databases.<\/p>\n<\/div>\n<\/div>\n","protected":false},"excerpt":{"rendered":"<p>The Department of Translation Studies currently provides education in the&#8230;<\/p>\n","protected":false},"author":14,"featured_media":0,"parent":15665,"menu_order":2,"comment_status":"closed","ping_status":"closed","template":"","meta":{"_acf_changed":false,"footnotes":""},"class_list":["post-15654","page","type-page","status-publish","hentry"],"acf":[],"yoast_head":"<!-- This site is optimized with the Yoast SEO plugin v27.0 - https:\/\/yoast.com\/product\/yoast-seo-wordpress\/ -->\n<title>Master&#039;s Study Programme - Katedra translatologie<\/title>\n<meta name=\"robots\" content=\"index, follow, max-snippet:-1, max-image-preview:large, max-video-preview:-1\" \/>\n<link rel=\"canonical\" href=\"https:\/\/ktr.ff.ukf.sk\/en\/pre-studentov\/masters-study-programme\/\" \/>\n<meta property=\"og:locale\" content=\"en_US\" \/>\n<meta property=\"og:type\" content=\"article\" \/>\n<meta property=\"og:title\" content=\"Master&#039;s Study Programme - Katedra translatologie\" \/>\n<meta property=\"og:description\" content=\"The Department of Translation Studies currently provides education in the...\" \/>\n<meta property=\"og:url\" content=\"https:\/\/ktr.ff.ukf.sk\/en\/pre-studentov\/masters-study-programme\/\" \/>\n<meta property=\"og:site_name\" content=\"Katedra translatologie\" \/>\n<meta property=\"article:modified_time\" content=\"2025-02-13T17:40:22+00:00\" \/>\n<meta name=\"twitter:card\" content=\"summary_large_image\" \/>\n<meta name=\"twitter:label1\" content=\"Est. reading time\" \/>\n\t<meta name=\"twitter:data1\" content=\"4 minutes\" \/>\n<script type=\"application\/ld+json\" class=\"yoast-schema-graph\">{\"@context\":\"https:\/\/schema.org\",\"@graph\":[{\"@type\":\"WebPage\",\"@id\":\"https:\/\/ktr.ff.ukf.sk\/en\/pre-studentov\/masters-study-programme\/\",\"url\":\"https:\/\/ktr.ff.ukf.sk\/en\/pre-studentov\/masters-study-programme\/\",\"name\":\"Master's Study Programme - Katedra translatologie\",\"isPartOf\":{\"@id\":\"https:\/\/ktr.ff.ukf.sk\/#website\"},\"datePublished\":\"2024-06-20T10:48:51+00:00\",\"dateModified\":\"2025-02-13T17:40:22+00:00\",\"breadcrumb\":{\"@id\":\"https:\/\/ktr.ff.ukf.sk\/en\/pre-studentov\/masters-study-programme\/#breadcrumb\"},\"inLanguage\":\"en-US\",\"potentialAction\":[{\"@type\":\"ReadAction\",\"target\":[\"https:\/\/ktr.ff.ukf.sk\/en\/pre-studentov\/masters-study-programme\/\"]}]},{\"@type\":\"BreadcrumbList\",\"@id\":\"https:\/\/ktr.ff.ukf.sk\/en\/pre-studentov\/masters-study-programme\/#breadcrumb\",\"itemListElement\":[{\"@type\":\"ListItem\",\"position\":1,\"name\":\"Home\",\"item\":\"https:\/\/ktr.ff.ukf.sk\/en\/\"},{\"@type\":\"ListItem\",\"position\":2,\"name\":\"For Students\",\"item\":\"https:\/\/ktr.ff.ukf.sk\/en\/pre-studentov\/\"},{\"@type\":\"ListItem\",\"position\":3,\"name\":\"Master&#8217;s Study Programme\"}]},{\"@type\":\"WebSite\",\"@id\":\"https:\/\/ktr.ff.ukf.sk\/#website\",\"url\":\"https:\/\/ktr.ff.ukf.sk\/\",\"name\":\"Katedra translatologie\",\"description\":\"\",\"publisher\":{\"@id\":\"https:\/\/ktr.ff.ukf.sk\/#organization\"},\"potentialAction\":[{\"@type\":\"SearchAction\",\"target\":{\"@type\":\"EntryPoint\",\"urlTemplate\":\"https:\/\/ktr.ff.ukf.sk\/?s={search_term_string}\"},\"query-input\":{\"@type\":\"PropertyValueSpecification\",\"valueRequired\":true,\"valueName\":\"search_term_string\"}}],\"inLanguage\":\"en-US\"},{\"@type\":\"Organization\",\"@id\":\"https:\/\/ktr.ff.ukf.sk\/#organization\",\"name\":\"Katedra translatologie\",\"url\":\"https:\/\/ktr.ff.ukf.sk\/\",\"logo\":{\"@type\":\"ImageObject\",\"inLanguage\":\"en-US\",\"@id\":\"https:\/\/ktr.ff.ukf.sk\/#\/schema\/logo\/image\/\",\"url\":\"https:\/\/ktr.ff.ukf.sk\/wp-content\/uploads\/2024\/02\/logo-translatologia.png\",\"contentUrl\":\"https:\/\/ktr.ff.ukf.sk\/wp-content\/uploads\/2024\/02\/logo-translatologia.png\",\"width\":500,\"height\":120,\"caption\":\"Katedra translatologie\"},\"image\":{\"@id\":\"https:\/\/ktr.ff.ukf.sk\/#\/schema\/logo\/image\/\"}}]}<\/script>\n<!-- \/ Yoast SEO plugin. -->","yoast_head_json":{"title":"Master's Study Programme - Katedra translatologie","robots":{"index":"index","follow":"follow","max-snippet":"max-snippet:-1","max-image-preview":"max-image-preview:large","max-video-preview":"max-video-preview:-1"},"canonical":"https:\/\/ktr.ff.ukf.sk\/en\/pre-studentov\/masters-study-programme\/","og_locale":"en_US","og_type":"article","og_title":"Master's Study Programme - Katedra translatologie","og_description":"The Department of Translation Studies currently provides education in the...","og_url":"https:\/\/ktr.ff.ukf.sk\/en\/pre-studentov\/masters-study-programme\/","og_site_name":"Katedra translatologie","article_modified_time":"2025-02-13T17:40:22+00:00","twitter_card":"summary_large_image","twitter_misc":{"Est. reading time":"4 minutes"},"schema":{"@context":"https:\/\/schema.org","@graph":[{"@type":"WebPage","@id":"https:\/\/ktr.ff.ukf.sk\/en\/pre-studentov\/masters-study-programme\/","url":"https:\/\/ktr.ff.ukf.sk\/en\/pre-studentov\/masters-study-programme\/","name":"Master's Study Programme - Katedra translatologie","isPartOf":{"@id":"https:\/\/ktr.ff.ukf.sk\/#website"},"datePublished":"2024-06-20T10:48:51+00:00","dateModified":"2025-02-13T17:40:22+00:00","breadcrumb":{"@id":"https:\/\/ktr.ff.ukf.sk\/en\/pre-studentov\/masters-study-programme\/#breadcrumb"},"inLanguage":"en-US","potentialAction":[{"@type":"ReadAction","target":["https:\/\/ktr.ff.ukf.sk\/en\/pre-studentov\/masters-study-programme\/"]}]},{"@type":"BreadcrumbList","@id":"https:\/\/ktr.ff.ukf.sk\/en\/pre-studentov\/masters-study-programme\/#breadcrumb","itemListElement":[{"@type":"ListItem","position":1,"name":"Home","item":"https:\/\/ktr.ff.ukf.sk\/en\/"},{"@type":"ListItem","position":2,"name":"For Students","item":"https:\/\/ktr.ff.ukf.sk\/en\/pre-studentov\/"},{"@type":"ListItem","position":3,"name":"Master&#8217;s Study Programme"}]},{"@type":"WebSite","@id":"https:\/\/ktr.ff.ukf.sk\/#website","url":"https:\/\/ktr.ff.ukf.sk\/","name":"Katedra translatologie","description":"","publisher":{"@id":"https:\/\/ktr.ff.ukf.sk\/#organization"},"potentialAction":[{"@type":"SearchAction","target":{"@type":"EntryPoint","urlTemplate":"https:\/\/ktr.ff.ukf.sk\/?s={search_term_string}"},"query-input":{"@type":"PropertyValueSpecification","valueRequired":true,"valueName":"search_term_string"}}],"inLanguage":"en-US"},{"@type":"Organization","@id":"https:\/\/ktr.ff.ukf.sk\/#organization","name":"Katedra translatologie","url":"https:\/\/ktr.ff.ukf.sk\/","logo":{"@type":"ImageObject","inLanguage":"en-US","@id":"https:\/\/ktr.ff.ukf.sk\/#\/schema\/logo\/image\/","url":"https:\/\/ktr.ff.ukf.sk\/wp-content\/uploads\/2024\/02\/logo-translatologia.png","contentUrl":"https:\/\/ktr.ff.ukf.sk\/wp-content\/uploads\/2024\/02\/logo-translatologia.png","width":500,"height":120,"caption":"Katedra translatologie"},"image":{"@id":"https:\/\/ktr.ff.ukf.sk\/#\/schema\/logo\/image\/"}}]}},"_links":{"self":[{"href":"https:\/\/ktr.ff.ukf.sk\/en\/wp-json\/wp\/v2\/pages\/15654","targetHints":{"allow":["GET"]}}],"collection":[{"href":"https:\/\/ktr.ff.ukf.sk\/en\/wp-json\/wp\/v2\/pages"}],"about":[{"href":"https:\/\/ktr.ff.ukf.sk\/en\/wp-json\/wp\/v2\/types\/page"}],"author":[{"embeddable":true,"href":"https:\/\/ktr.ff.ukf.sk\/en\/wp-json\/wp\/v2\/users\/14"}],"replies":[{"embeddable":true,"href":"https:\/\/ktr.ff.ukf.sk\/en\/wp-json\/wp\/v2\/comments?post=15654"}],"version-history":[{"count":3,"href":"https:\/\/ktr.ff.ukf.sk\/en\/wp-json\/wp\/v2\/pages\/15654\/revisions"}],"predecessor-version":[{"id":17049,"href":"https:\/\/ktr.ff.ukf.sk\/en\/wp-json\/wp\/v2\/pages\/15654\/revisions\/17049"}],"up":[{"embeddable":true,"href":"https:\/\/ktr.ff.ukf.sk\/en\/wp-json\/wp\/v2\/pages\/15665"}],"wp:attachment":[{"href":"https:\/\/ktr.ff.ukf.sk\/en\/wp-json\/wp\/v2\/media?parent=15654"}],"curies":[{"name":"wp","href":"https:\/\/api.w.org\/{rel}","templated":true}]}}