{"id":15653,"date":"2024-06-20T12:45:38","date_gmt":"2024-06-20T10:45:38","guid":{"rendered":"https:\/\/ktr.ff.ukf.sk\/?page_id=15653"},"modified":"2025-02-13T18:37:30","modified_gmt":"2025-02-13T17:37:30","slug":"bachelors-study-programme","status":"publish","type":"page","link":"https:\/\/ktr.ff.ukf.sk\/en\/pre-studentov\/bachelors-study-programme\/","title":{"rendered":"Bachelor&#8217;s Study Programme"},"content":{"rendered":"<div class=\"item_fulltext\">\n<div class=\"item_fulltext\">\n<p style=\"text-align: justify;\">The Department of Translation Studies provides training in translation and interpreting in the following study programs:<\/p>\n<p style=\"text-align: justify;\"><strong>English Language and Culture \u2013 German Language and Culture<\/strong><\/p>\n<p style=\"text-align: justify;\"><strong>Duration:<\/strong> 3 years (6 terms)<br \/>\n<strong>Form:<\/strong> full-time<br \/>\n<strong>Study program supervisors:<\/strong> Prof. Edita Gromov\u00e1, PhD., Prof. Daniela M\u00fcglov\u00e1, PhD. and Doc. Ru\u017eena \u017dilov\u00e1, PhD.<br \/>\n<a href=\"\/wp-content\/uploads\/2024\/06\/tan22b-en.pdf\">Study programme<\/a><br \/>\nBachelor&#8217;s degree (Bc.)<\/p>\n<p style=\"text-align: justify;\"><strong>English Language and Culture \u2013 Russian Language and Culture<\/strong><\/p>\n<p style=\"text-align: justify;\"><strong>Duration:<\/strong> 3 years (6 terms)<br \/>\n<strong>Form:<\/strong> full-time<br \/>\n<strong>Study program supervisors:<\/strong> Prof. Edita Gromov\u00e1, PhD., Prof. Daniela M\u00fcglov\u00e1, PhD. and Prof. Nat\u00e1lia Mur\u00e1nska, PhD.<br \/>\n<a href=\"\/wp-content\/uploads\/2024\/06\/tar22b-en.pdf\">Study programme<\/a><br \/>\nBachelor&#8217;s degree (Bc.)<\/p>\n<p style=\"text-align: justify;\"><strong>English Language and Culture \u2013 Slovak Language and Culture<\/strong><\/p>\n<p style=\"text-align: justify;\"><strong>Duration:<\/strong> 3 years (6 terms)<br \/>\n<strong>Form:<\/strong> full-time<br \/>\n<strong>Study program supervisors:<\/strong> Prof. Edita Gromov\u00e1, PhD., Prof. Daniela M\u00fcglov\u00e1, PhD. and Doc. Martin Pukanec, PhD.<br \/>\n<a href=\"\/wp-content\/uploads\/2024\/06\/tas22b-en.pdf\">Study programme<\/a><br \/>\nBachelor&#8217;s degree (Bc.)<\/p>\n<p style=\"text-align: justify;\"><strong>English Language and Culture \u2013 Spanish Language and Culture<\/strong><br \/>\nDuration: 3 years (6 terms)<br \/>\nForm: full-time<br \/>\nStudy program supervisors: prof. PhDr. Daniela M\u00fcglov\u00e1, CSc, prof. PhDr. Edita Gromov\u00e1, CSc. and doc. Mgr. Edita Horn\u00e1\u010dkov\u00e1 Klapicov\u00e1, PhD.<br \/>\n<a href=\"\/wp-content\/uploads\/2024\/06\/tasp22b-en.pdf\">Study programme<\/a><br \/>\nBachelor&#8217;s degree (Bc.)<\/p>\n<p style=\"text-align: justify;\"><strong>German Language and Culture \u2013 Russian Language and Culture<br \/>\n<\/strong><\/p>\n<p style=\"text-align: justify;\"><strong>Duration:<\/strong> 3 years (6 terms)<br \/>\n<strong>Form:<\/strong> full-time<br \/>\n<strong>Study program supervisors:<\/strong> Doc. Ru\u017eena \u017dilov\u00e1, PhD., Prof. Daniela M\u00fcglov\u00e1, PhD. and Prof. Nat\u00e1lia Mur\u00e1nska, PhD.<br \/>\n<a href=\"\/wp-content\/uploads\/2024\/06\/tnr22b-en.pdf\">Study programme<\/a><br \/>\nBachelor&#8217;s degree (Bc.)<\/p>\n<p style=\"text-align: justify;\"><strong>German Language and Culture \u2013 Slovak Language and Culture<br \/>\n<\/strong><\/p>\n<p style=\"text-align: justify;\"><strong>Duration:<\/strong> 3 years (6 terms)<br \/>\n<strong>Form:<\/strong> full-time<br \/>\n<strong>Study program supervisors:<\/strong> Doc. Ru\u017eena \u017dilov\u00e1, PhD., Prof. Daniela M\u00fcglov\u00e1, PhD. and Doc. Martin Pukanec, PhD.<br \/>\n<a href=\"\/wp-content\/uploads\/2024\/06\/tns22b-en.pdf\">Study programme<\/a><br \/>\nBachelor&#8217;s degree (Bc.)<\/p>\n<p style=\"text-align: justify;\"><strong>German Language and Culture \u2013 Spanish Language and Culture<\/strong><br \/>\nDuration: 3 years (6 terms)<br \/>\nForm: full-time<br \/>\nStudy program supervisors: prof. PhDr. Daniela M\u00fcglov\u00e1, CSc, doc. PhDr. Ru\u017eena \u017dilov\u00e1, PhD. and doc. Mgr. Edita Horn\u00e1\u010dkov\u00e1 Klapicov\u00e1, PhD<br \/>\n<a href=\"\/wp-content\/uploads\/2024\/06\/tnsp22b-en.pdf\">Study programme<\/a><br \/>\nBachelor&#8217;s degree (Bc.)<\/p>\n<p style=\"text-align: justify;\"><strong>Russian Language and Culture \u2013 Slovak Language and Culture<\/strong><\/p>\n<p style=\"text-align: justify;\"><strong>Duration:<\/strong> 3 years (6 terms)<br \/>\n<strong>Form:<\/strong> full-time<br \/>\n<strong>Study program supervisors:<\/strong> Prof. Nat\u00e1lia Mur\u00e1nska, PhD., Prof. Daniela M\u00fcglov\u00e1, PhD. and Doc. Martin Pukanec, PhD.<br \/>\n<a href=\"\/wp-content\/uploads\/2024\/06\/trs22b-en.pdf\">Study programme<\/a><br \/>\nBachelor&#8217;s degree (Bc.)<\/p>\n<p style=\"text-align: justify;\"><strong>Russian Language and Culture \u2013 Spanish Language and Culture<\/strong><br \/>\nDuration: 3 years (6 terms)<br \/>\nForm: full-time<br \/>\nStudy program supervisors: prof. PhDr. Daniela M\u00fcglov\u00e1, CSc, prof. Nat\u00e1lia Mur\u00e1nska, PhD. and doc. Mgr. Edita Horn\u00e1\u010dkov\u00e1 Klapicov\u00e1, PhD.<br \/>\n<a href=\"\/wp-content\/uploads\/2024\/06\/trsp22b-en.pdf\">Study programme<\/a><br \/>\nBachelor&#8217;s degree (Bc.)<\/p>\n<p style=\"text-align: justify;\"><strong>Slovak Language and Culture \u2013 Spanish Language and Culture<\/strong><br \/>\nDuration: 3 years (6 terms)<br \/>\nForm: full-time<br \/>\nStudy program supervisors: prof. PhDr. Daniela M\u00fcglov\u00e1, CSc, doc. Mgr. Martin Diweg-Pukanec, PhD. and doc. Mgr. Edita Horn\u00e1\u010dkov\u00e1 Klapicov\u00e1, PhD.<br \/>\n<a href=\"\/wp-content\/uploads\/2024\/06\/tssp22b-en.pdf\">Study programme<\/a><br \/>\nBachelor&#8217;s degree (Bc.)<\/p>\n<h5 style=\"text-align: justify;\">Graduate&#8217;s profile<\/h5>\n<p style=\"text-align: justify;\">Graduates of this study program (level 1) will acquire basic theoretical and methodological knowledge in the field of translation studies and in the history, development and methods of translation and interpreting. They will study the languages chosen to a high level in terms of contrastive grammar, lexicology and stylistics. They will learn the history, geography and culture of the particular countries to the extent necessary for translation and interpreting, as well as the literature written in their languages. They will also learn the basic strategies and methods in order to implement inter-lingual transfer and basic knowledge of specific language in the area of law, economics and European institutions.<\/p>\n<h5 style=\"text-align: justify;\">Employment possibilities<\/h5>\n<p style=\"text-align: justify;\"><strong>A graduate may find work:<\/strong><\/p>\n<ul>\n<li class=\"firstItem\" style=\"text-align: justify;\">as a translator of texts for specific purposes,<\/li>\n<li style=\"text-align: justify;\">as an interpreter in a specialised field,<\/li>\n<li style=\"text-align: justify;\">as a language and intercultural mediator,<\/li>\n<li style=\"text-align: justify;\">as a communication mediator in business,<\/li>\n<li style=\"text-align: justify;\">as a communication mediator in state administration,<\/li>\n<li style=\"text-align: justify;\">in international institutions,<\/li>\n<li class=\"lastItem\" style=\"text-align: justify;\">as an interpreter \u2013 guide for tourists.<\/li>\n<\/ul>\n<\/div>\n<\/div>\n","protected":false},"excerpt":{"rendered":"<p>The Department of Translation Studies provides training in translation and&#8230;<\/p>\n","protected":false},"author":14,"featured_media":0,"parent":15665,"menu_order":1,"comment_status":"closed","ping_status":"closed","template":"","meta":{"_acf_changed":false,"footnotes":""},"class_list":["post-15653","page","type-page","status-publish","hentry"],"acf":[],"yoast_head":"<!-- This site is optimized with the Yoast SEO plugin v27.0 - https:\/\/yoast.com\/product\/yoast-seo-wordpress\/ -->\n<title>Bachelor&#039;s Study Programme - Katedra translatologie<\/title>\n<meta name=\"robots\" content=\"index, follow, max-snippet:-1, max-image-preview:large, max-video-preview:-1\" \/>\n<link rel=\"canonical\" href=\"https:\/\/ktr.ff.ukf.sk\/en\/pre-studentov\/bachelors-study-programme\/\" \/>\n<meta property=\"og:locale\" content=\"en_US\" \/>\n<meta property=\"og:type\" content=\"article\" \/>\n<meta property=\"og:title\" content=\"Bachelor&#039;s Study Programme - Katedra translatologie\" \/>\n<meta property=\"og:description\" content=\"The Department of Translation Studies provides training in translation and...\" \/>\n<meta property=\"og:url\" content=\"https:\/\/ktr.ff.ukf.sk\/en\/pre-studentov\/bachelors-study-programme\/\" \/>\n<meta property=\"og:site_name\" content=\"Katedra translatologie\" \/>\n<meta property=\"article:modified_time\" content=\"2025-02-13T17:37:30+00:00\" \/>\n<meta name=\"twitter:card\" content=\"summary_large_image\" \/>\n<meta name=\"twitter:label1\" content=\"Est. reading time\" \/>\n\t<meta name=\"twitter:data1\" content=\"3 minutes\" \/>\n<script type=\"application\/ld+json\" class=\"yoast-schema-graph\">{\"@context\":\"https:\/\/schema.org\",\"@graph\":[{\"@type\":\"WebPage\",\"@id\":\"https:\/\/ktr.ff.ukf.sk\/en\/pre-studentov\/bachelors-study-programme\/\",\"url\":\"https:\/\/ktr.ff.ukf.sk\/en\/pre-studentov\/bachelors-study-programme\/\",\"name\":\"Bachelor's Study Programme - Katedra translatologie\",\"isPartOf\":{\"@id\":\"https:\/\/ktr.ff.ukf.sk\/#website\"},\"datePublished\":\"2024-06-20T10:45:38+00:00\",\"dateModified\":\"2025-02-13T17:37:30+00:00\",\"breadcrumb\":{\"@id\":\"https:\/\/ktr.ff.ukf.sk\/en\/pre-studentov\/bachelors-study-programme\/#breadcrumb\"},\"inLanguage\":\"en-US\",\"potentialAction\":[{\"@type\":\"ReadAction\",\"target\":[\"https:\/\/ktr.ff.ukf.sk\/en\/pre-studentov\/bachelors-study-programme\/\"]}]},{\"@type\":\"BreadcrumbList\",\"@id\":\"https:\/\/ktr.ff.ukf.sk\/en\/pre-studentov\/bachelors-study-programme\/#breadcrumb\",\"itemListElement\":[{\"@type\":\"ListItem\",\"position\":1,\"name\":\"Home\",\"item\":\"https:\/\/ktr.ff.ukf.sk\/en\/\"},{\"@type\":\"ListItem\",\"position\":2,\"name\":\"For Students\",\"item\":\"https:\/\/ktr.ff.ukf.sk\/en\/pre-studentov\/\"},{\"@type\":\"ListItem\",\"position\":3,\"name\":\"Bachelor&#8217;s Study Programme\"}]},{\"@type\":\"WebSite\",\"@id\":\"https:\/\/ktr.ff.ukf.sk\/#website\",\"url\":\"https:\/\/ktr.ff.ukf.sk\/\",\"name\":\"Katedra translatologie\",\"description\":\"\",\"publisher\":{\"@id\":\"https:\/\/ktr.ff.ukf.sk\/#organization\"},\"potentialAction\":[{\"@type\":\"SearchAction\",\"target\":{\"@type\":\"EntryPoint\",\"urlTemplate\":\"https:\/\/ktr.ff.ukf.sk\/?s={search_term_string}\"},\"query-input\":{\"@type\":\"PropertyValueSpecification\",\"valueRequired\":true,\"valueName\":\"search_term_string\"}}],\"inLanguage\":\"en-US\"},{\"@type\":\"Organization\",\"@id\":\"https:\/\/ktr.ff.ukf.sk\/#organization\",\"name\":\"Katedra translatologie\",\"url\":\"https:\/\/ktr.ff.ukf.sk\/\",\"logo\":{\"@type\":\"ImageObject\",\"inLanguage\":\"en-US\",\"@id\":\"https:\/\/ktr.ff.ukf.sk\/#\/schema\/logo\/image\/\",\"url\":\"https:\/\/ktr.ff.ukf.sk\/wp-content\/uploads\/2024\/02\/logo-translatologia.png\",\"contentUrl\":\"https:\/\/ktr.ff.ukf.sk\/wp-content\/uploads\/2024\/02\/logo-translatologia.png\",\"width\":500,\"height\":120,\"caption\":\"Katedra translatologie\"},\"image\":{\"@id\":\"https:\/\/ktr.ff.ukf.sk\/#\/schema\/logo\/image\/\"}}]}<\/script>\n<!-- \/ Yoast SEO plugin. -->","yoast_head_json":{"title":"Bachelor's Study Programme - Katedra translatologie","robots":{"index":"index","follow":"follow","max-snippet":"max-snippet:-1","max-image-preview":"max-image-preview:large","max-video-preview":"max-video-preview:-1"},"canonical":"https:\/\/ktr.ff.ukf.sk\/en\/pre-studentov\/bachelors-study-programme\/","og_locale":"en_US","og_type":"article","og_title":"Bachelor's Study Programme - Katedra translatologie","og_description":"The Department of Translation Studies provides training in translation and...","og_url":"https:\/\/ktr.ff.ukf.sk\/en\/pre-studentov\/bachelors-study-programme\/","og_site_name":"Katedra translatologie","article_modified_time":"2025-02-13T17:37:30+00:00","twitter_card":"summary_large_image","twitter_misc":{"Est. reading time":"3 minutes"},"schema":{"@context":"https:\/\/schema.org","@graph":[{"@type":"WebPage","@id":"https:\/\/ktr.ff.ukf.sk\/en\/pre-studentov\/bachelors-study-programme\/","url":"https:\/\/ktr.ff.ukf.sk\/en\/pre-studentov\/bachelors-study-programme\/","name":"Bachelor's Study Programme - Katedra translatologie","isPartOf":{"@id":"https:\/\/ktr.ff.ukf.sk\/#website"},"datePublished":"2024-06-20T10:45:38+00:00","dateModified":"2025-02-13T17:37:30+00:00","breadcrumb":{"@id":"https:\/\/ktr.ff.ukf.sk\/en\/pre-studentov\/bachelors-study-programme\/#breadcrumb"},"inLanguage":"en-US","potentialAction":[{"@type":"ReadAction","target":["https:\/\/ktr.ff.ukf.sk\/en\/pre-studentov\/bachelors-study-programme\/"]}]},{"@type":"BreadcrumbList","@id":"https:\/\/ktr.ff.ukf.sk\/en\/pre-studentov\/bachelors-study-programme\/#breadcrumb","itemListElement":[{"@type":"ListItem","position":1,"name":"Home","item":"https:\/\/ktr.ff.ukf.sk\/en\/"},{"@type":"ListItem","position":2,"name":"For Students","item":"https:\/\/ktr.ff.ukf.sk\/en\/pre-studentov\/"},{"@type":"ListItem","position":3,"name":"Bachelor&#8217;s Study Programme"}]},{"@type":"WebSite","@id":"https:\/\/ktr.ff.ukf.sk\/#website","url":"https:\/\/ktr.ff.ukf.sk\/","name":"Katedra translatologie","description":"","publisher":{"@id":"https:\/\/ktr.ff.ukf.sk\/#organization"},"potentialAction":[{"@type":"SearchAction","target":{"@type":"EntryPoint","urlTemplate":"https:\/\/ktr.ff.ukf.sk\/?s={search_term_string}"},"query-input":{"@type":"PropertyValueSpecification","valueRequired":true,"valueName":"search_term_string"}}],"inLanguage":"en-US"},{"@type":"Organization","@id":"https:\/\/ktr.ff.ukf.sk\/#organization","name":"Katedra translatologie","url":"https:\/\/ktr.ff.ukf.sk\/","logo":{"@type":"ImageObject","inLanguage":"en-US","@id":"https:\/\/ktr.ff.ukf.sk\/#\/schema\/logo\/image\/","url":"https:\/\/ktr.ff.ukf.sk\/wp-content\/uploads\/2024\/02\/logo-translatologia.png","contentUrl":"https:\/\/ktr.ff.ukf.sk\/wp-content\/uploads\/2024\/02\/logo-translatologia.png","width":500,"height":120,"caption":"Katedra translatologie"},"image":{"@id":"https:\/\/ktr.ff.ukf.sk\/#\/schema\/logo\/image\/"}}]}},"_links":{"self":[{"href":"https:\/\/ktr.ff.ukf.sk\/en\/wp-json\/wp\/v2\/pages\/15653","targetHints":{"allow":["GET"]}}],"collection":[{"href":"https:\/\/ktr.ff.ukf.sk\/en\/wp-json\/wp\/v2\/pages"}],"about":[{"href":"https:\/\/ktr.ff.ukf.sk\/en\/wp-json\/wp\/v2\/types\/page"}],"author":[{"embeddable":true,"href":"https:\/\/ktr.ff.ukf.sk\/en\/wp-json\/wp\/v2\/users\/14"}],"replies":[{"embeddable":true,"href":"https:\/\/ktr.ff.ukf.sk\/en\/wp-json\/wp\/v2\/comments?post=15653"}],"version-history":[{"count":3,"href":"https:\/\/ktr.ff.ukf.sk\/en\/wp-json\/wp\/v2\/pages\/15653\/revisions"}],"predecessor-version":[{"id":17046,"href":"https:\/\/ktr.ff.ukf.sk\/en\/wp-json\/wp\/v2\/pages\/15653\/revisions\/17046"}],"up":[{"embeddable":true,"href":"https:\/\/ktr.ff.ukf.sk\/en\/wp-json\/wp\/v2\/pages\/15665"}],"wp:attachment":[{"href":"https:\/\/ktr.ff.ukf.sk\/en\/wp-json\/wp\/v2\/media?parent=15653"}],"curies":[{"name":"wp","href":"https:\/\/api.w.org\/{rel}","templated":true}]}}