{"id":15652,"date":"2024-06-28T15:19:16","date_gmt":"2024-06-28T13:19:16","guid":{"rendered":"https:\/\/ktr.ff.ukf.sk\/?page_id=15652"},"modified":"2024-06-28T15:19:16","modified_gmt":"2024-06-28T13:19:16","slug":"consultation-hours","status":"publish","type":"page","link":"https:\/\/ktr.ff.ukf.sk\/en\/pre-studentov\/consultation-hours\/","title":{"rendered":"Consultation Hours"},"content":{"rendered":"<h5 style=\"text-align: center;\">Consultation Hours Summer Semester 2023\/2024<\/h5>\n<p>&nbsp;<\/p>\n<table style=\"width: 64.4976%; height: 462px;\">\n<tbody>\n<tr style=\"height: 25px;\">\n<td style=\"width: 50.3398%; height: 25px;\" width=\"254\"><strong>Teacher<\/strong><\/td>\n<td style=\"width: 57.9473%; height: 25px;\" width=\"256\"><strong>Day\/Time<\/strong><\/td>\n<td style=\"width: 69.4271%; height: 25px;\" width=\"106\"><strong>Office<\/strong><\/td>\n<\/tr>\n<tr style=\"height: 25px;\">\n<td style=\"width: 50.3398%; height: 25px;\" width=\"254\"><a id=\"perez\"><\/a>doc. Mgr. E. Perez, PhD.<br \/>\n<span id=\"cloakf5dce674c7c43e0fb81833b5d117cd5f\"><a href=\"mailto:eperez@ukf.sk\">eperez@ukf.sk<\/a><\/span><\/td>\n<td style=\"width: 57.9473%; height: 25px;\" width=\"256\">Tuesday: 11:00 \u2013 12:30<br \/>\nOffice hours for students:<br \/>\nThursday: 09:30 \u2013 10:45<br \/>\nsend an email first<\/td>\n<td style=\"width: 69.4271%; height: 25px;\" width=\"106\">319<\/td>\n<\/tr>\n<tr style=\"height: 25px;\">\n<td style=\"width: 50.3398%; height: 25px;\" width=\"254\"><a id=\"muglova\"><\/a>prof. PhDr. D. M\u00fcglov\u00e1, CSc.<br \/>\n<span id=\"cloak3acf9bb115f41ee58d269141085a09d2\"><a href=\"mailto:dmuglova@ukf.sk\">dmuglova@ukf.sk<\/a><\/span><\/td>\n<td style=\"width: 57.9473%; height: 25px;\" width=\"256\">Monday: 09:30 \u2013 10:30<\/td>\n<td style=\"width: 69.4271%; height: 25px;\" width=\"106\">231<\/td>\n<\/tr>\n<tr style=\"height: 25px;\">\n<td style=\"width: 50.3398%; height: 25px;\" width=\"254\"><a id=\"hodakova\"><\/a>Doc. Mgr. S. Hod\u00e1kov\u00e1, PhD.<br \/>\n<span id=\"cloak9942abd6cddc91df4a463e759f92e6ac\"><a href=\"mailto:shodakova@ukf.sk\">shodakova@ukf.sk<\/a><\/span><\/td>\n<td style=\"width: 57.9473%; height: 25px;\" width=\"256\">Monday: 11:00 \u2013 12:30<\/td>\n<td style=\"width: 69.4271%; height: 25px;\" width=\"106\">321<\/td>\n<\/tr>\n<tr style=\"height: 25px;\">\n<td style=\"width: 50.3398%; height: 25px;\" width=\"254\"><a id=\"klapicova\"><\/a>doc. Mgr. E. Horn\u00e1\u010dkov\u00e1 Klapicov\u00e1, PhD.<br \/>\n<span id=\"cloak3378ebd5976e39b6716f52e5ffa9fff3\"><a href=\"mailto:ehklapicova@ukf.sk\">ehklapicova@ukf.sk<\/a><\/span><\/td>\n<td style=\"width: 57.9473%; height: 25px;\" width=\"256\">Wednesday: 10:00 \u2013 11:00<br \/>\nFriday: 12:30\u2013 13:30<\/td>\n<td style=\"width: 69.4271%; height: 25px;\" width=\"106\">321<\/td>\n<\/tr>\n<tr style=\"height: 25px;\">\n<td style=\"width: 50.3398%; height: 25px;\" width=\"254\"><a id=\"zahorak\"><\/a>Doc. PhDr. A. Zahor\u00e1k, PhD.<br \/>\n<span id=\"cloakedba8650d80b21776230f1785bb91860\"><a href=\"mailto:azahorak@ukf.sk\">azahorak@ukf.sk<\/a><\/span><\/td>\n<td style=\"width: 57.9473%; height: 25px;\" width=\"256\">Tuesday: 13:00 \u2013 14:00<\/td>\n<td style=\"width: 69.4271%; height: 25px;\" width=\"106\">321<\/td>\n<\/tr>\n<tr style=\"height: 25px;\">\n<td style=\"width: 50.3398%; height: 25px;\" width=\"254\"><a id=\"wrede\"><\/a>Doc. PaedDr. O\u013ega Wrede, PhD.<br \/>\n<span id=\"cloaka91478fdc2a9e9aabdcb378c71d8bf6b\"><a href=\"mailto:owrede@ukf.sk\">owrede@ukf.sk<\/a><\/span><\/td>\n<td style=\"width: 57.9473%; height: 25px;\" width=\"256\">Wednesday: 11:00 \u2013 12:30<\/td>\n<td style=\"width: 69.4271%; height: 25px;\" width=\"106\">318<\/td>\n<\/tr>\n<tr style=\"height: 25px;\">\n<td style=\"width: 50.3398%; height: 25px;\" width=\"254\"><a id=\"koscelnikova\"><\/a>Mgr. M. Kosceln\u00edkov\u00e1, PhD.<br \/>\n<span id=\"cloak04a34cf000aee10ca21b0e5a26870a6d\"><a href=\"mailto:mkoscelnikova@ukf.sk\">mkoscelnikova@ukf.sk<\/a><\/span><\/td>\n<td style=\"width: 57.9473%; height: 25px;\" width=\"256\">Tuesday: 11:00 \u2013 12:00<\/td>\n<td style=\"width: 69.4271%; height: 25px;\" width=\"106\">313<\/td>\n<\/tr>\n<tr style=\"height: 25px;\">\n<td style=\"width: 50.3398%; height: 25px;\" width=\"254\"><a id=\"martinkovic\"><\/a>Mgr. M. Martinkovi\u010d, PhD.<br \/>\n<span id=\"cloakbf10875903d985ecc4388f058bb5f615\"><a href=\"mailto:mmartinkovic@ukf.sk\">mmartinkovic@ukf.sk<\/a><\/span><\/td>\n<td style=\"width: 57.9473%; height: 25px;\" width=\"256\">Thursday: 13:00 \u2013 14:30<\/td>\n<td style=\"width: 69.4271%; height: 25px;\" width=\"106\">313<\/td>\n<\/tr>\n<tr style=\"height: 25px;\">\n<td style=\"width: 50.3398%; height: 25px;\" width=\"254\"><a id=\"michelcikova\"><\/a>Mgr. L. Michel\u010d\u00edkov\u00e1, PhD.<br \/>\n<span id=\"cloakf0975a679a84d59421d7a3fea64f64b0\"><a href=\"mailto:lmichelcikova@ukf.sk\">lmichelcikova@ukf.sk<\/a><\/span><\/td>\n<td style=\"width: 57.9473%; height: 25px;\" width=\"256\">Wednesday: 11:00 \u2013 12:00<\/td>\n<td style=\"width: 69.4271%; height: 25px;\" width=\"106\">322<\/td>\n<\/tr>\n<tr style=\"height: 25px;\">\n<td style=\"width: 50.3398%; height: 25px;\" width=\"254\"><a id=\"spisiakova\"><\/a>Mgr. Eva Spi\u0161iakov\u00e1, MSc, PhD.<br \/>\n<span id=\"cloak917e4c60148c607a8b518a201ebbb699\"><a href=\"mailto:espisiakova@ukf.sk\">espisiakova@ukf.sk<\/a><\/span><\/td>\n<td style=\"width: 57.9473%; height: 25px;\" width=\"256\">Wednesday: 13:00 \u2013 14:30<\/td>\n<td style=\"width: 69.4271%; height: 25px;\" width=\"106\">322<\/td>\n<\/tr>\n<tr style=\"height: 25px;\">\n<td style=\"width: 50.3398%; height: 25px;\" width=\"254\"><a id=\"savelova\"><\/a>Mgr. M. \u0160avelov\u00e1, PhD.<br \/>\n<span id=\"cloak74aea4c56555cf2dc8766791c81fedf6\"><a href=\"mailto:mpsavelova@ukf.sk\">mpsavelova@ukf.sk<\/a><\/span><\/td>\n<td style=\"width: 57.9473%; height: 25px;\" width=\"256\">Monday: 13:45 \u2013 14:45<\/td>\n<td style=\"width: 69.4271%; height: 25px;\" width=\"106\">322<\/td>\n<\/tr>\n<tr style=\"height: 25px;\">\n<td style=\"width: 50.3398%; height: 25px;\" width=\"254\"><a id=\"torok\"><\/a>PhDr. \u013d. T\u00f6r\u00f6k, PhD.<br \/>\n<span id=\"cloak3110231d3841c3746e1fd3c1bd9afac5\"><a href=\"mailto:ltorok@ukf.sk\">ltorok@ukf.sk<\/a><\/span><\/td>\n<td style=\"width: 57.9473%; height: 25px;\" width=\"256\">Tuesday: 14:45 \u2013 16:15<\/td>\n<td style=\"width: 69.4271%; height: 25px;\" width=\"106\">317<\/td>\n<\/tr>\n<tr style=\"height: 25px;\">\n<td style=\"width: 50.3398%; height: 25px;\" width=\"254\"><a id=\"ukusova\"><\/a>Mgr. J. Uku\u0161ov\u00e1, PhD.<br \/>\n<span id=\"cloakce566abb56928a8752b890839c7df4c5\"><a href=\"mailto:jukusova@ukf.sk\">jukusova@ukf.sk<\/a><\/span><\/td>\n<td style=\"width: 57.9473%; height: 25px;\" width=\"256\">Thursday: 09:15 \u2013 10:45<\/td>\n<td style=\"width: 69.4271%; height: 25px;\" width=\"106\">313<\/td>\n<\/tr>\n<tr style=\"height: 25px;\">\n<td style=\"width: 50.3398%; height: 25px;\" width=\"254\"><a id=\"bircak\"><\/a>Mgr. Andrej Bir\u010d\u00e1k<br \/>\n<span id=\"cloaka4d134b963016032a3cb78011f56eacf\"><a href=\"mailto:andrej.bircak@ukf.sk\">andrej.bircak@ukf.sk<\/a><\/span><\/td>\n<td style=\"width: 57.9473%; height: 25px;\" width=\"256\">Tuesday: 14:45 \u2013 16:15<\/td>\n<td style=\"width: 69.4271%; height: 25px;\" width=\"106\">314<\/td>\n<\/tr>\n<tr style=\"height: 25px;\">\n<td style=\"width: 50.3398%; height: 25px;\" width=\"254\"><a id=\"jurigova\"><\/a>Mgr. Romana Jurigov\u00e1<\/td>\n<td style=\"width: 57.9473%; height: 25px;\" width=\"256\">Thursday: 10:00 \u2013 11:00<\/td>\n<td style=\"width: 69.4271%; height: 25px;\" width=\"106\"><\/td>\n<\/tr>\n<tr style=\"height: 25px;\">\n<td style=\"width: 50.3398%; height: 25px;\" width=\"254\"><a id=\"verebova\"><\/a>Mgr. Eva Verebov\u00e1<br \/>\n<span id=\"cloak658ddad6bda772f163de0d594bf7edc6\"><a href=\"mailto:eva.verebova@ukf.sk\">eva.verebova@ukf.sk<\/a><\/span><\/td>\n<td style=\"width: 57.9473%; height: 25px;\" width=\"256\">Wednesday: 09:15 \u2013 10:45<\/td>\n<td style=\"width: 69.4271%; height: 25px;\" width=\"106\">313<\/td>\n<\/tr>\n<tr style=\"height: 37px;\">\n<td style=\"width: 50.3398%; height: 37px;\" width=\"254\"><a id=\"zitnanska\"><\/a>Mgr. Lenka \u017dit\u0148ansk\u00e1<br \/>\n<span id=\"cloak2d0bb6fc07ec56a7c87c09f94d3b69b2\"><a href=\"mailto:lenka.zitnanska@ukf.sk\">lenka.zitnanska@ukf.sk<\/a><\/span><\/td>\n<td style=\"width: 57.9473%; height: 37px;\" width=\"256\">Wednesday: 12:30 \u2013 14:00<\/td>\n<td style=\"width: 69.4271%; height: 37px;\" width=\"106\">314<\/td>\n<\/tr>\n<\/tbody>\n<\/table>\n","protected":false},"excerpt":{"rendered":"<p>Consultation Hours Summer Semester 2023\/2024 &nbsp; Teacher Day\/Time Office doc&#8230;.<\/p>\n","protected":false},"author":14,"featured_media":0,"parent":15665,"menu_order":0,"comment_status":"closed","ping_status":"closed","template":"","meta":{"_acf_changed":false,"footnotes":""},"class_list":["post-15652","page","type-page","status-publish","hentry"],"acf":[],"yoast_head":"<!-- This site is optimized with the Yoast SEO plugin v27.0 - https:\/\/yoast.com\/product\/yoast-seo-wordpress\/ -->\n<title>Consultation Hours - Katedra translatologie<\/title>\n<meta name=\"robots\" content=\"index, follow, max-snippet:-1, max-image-preview:large, max-video-preview:-1\" \/>\n<link rel=\"canonical\" href=\"https:\/\/ktr.ff.ukf.sk\/en\/pre-studentov\/consultation-hours\/\" \/>\n<meta property=\"og:locale\" content=\"en_US\" \/>\n<meta property=\"og:type\" content=\"article\" \/>\n<meta property=\"og:title\" content=\"Consultation Hours - Katedra translatologie\" \/>\n<meta property=\"og:description\" content=\"Consultation Hours Summer Semester 2023\/2024 &nbsp; Teacher Day\/Time Office doc....\" \/>\n<meta property=\"og:url\" content=\"https:\/\/ktr.ff.ukf.sk\/en\/pre-studentov\/consultation-hours\/\" \/>\n<meta property=\"og:site_name\" content=\"Katedra translatologie\" \/>\n<meta name=\"twitter:card\" content=\"summary_large_image\" \/>\n<meta name=\"twitter:label1\" content=\"Est. reading time\" \/>\n\t<meta name=\"twitter:data1\" content=\"1 minute\" \/>\n<script type=\"application\/ld+json\" class=\"yoast-schema-graph\">{\"@context\":\"https:\/\/schema.org\",\"@graph\":[{\"@type\":\"WebPage\",\"@id\":\"https:\/\/ktr.ff.ukf.sk\/en\/pre-studentov\/consultation-hours\/\",\"url\":\"https:\/\/ktr.ff.ukf.sk\/en\/pre-studentov\/consultation-hours\/\",\"name\":\"Consultation Hours - Katedra translatologie\",\"isPartOf\":{\"@id\":\"https:\/\/ktr.ff.ukf.sk\/#website\"},\"datePublished\":\"2024-06-28T13:19:16+00:00\",\"breadcrumb\":{\"@id\":\"https:\/\/ktr.ff.ukf.sk\/en\/pre-studentov\/consultation-hours\/#breadcrumb\"},\"inLanguage\":\"en-US\",\"potentialAction\":[{\"@type\":\"ReadAction\",\"target\":[\"https:\/\/ktr.ff.ukf.sk\/en\/pre-studentov\/consultation-hours\/\"]}]},{\"@type\":\"BreadcrumbList\",\"@id\":\"https:\/\/ktr.ff.ukf.sk\/en\/pre-studentov\/consultation-hours\/#breadcrumb\",\"itemListElement\":[{\"@type\":\"ListItem\",\"position\":1,\"name\":\"Home\",\"item\":\"https:\/\/ktr.ff.ukf.sk\/en\/\"},{\"@type\":\"ListItem\",\"position\":2,\"name\":\"For Students\",\"item\":\"https:\/\/ktr.ff.ukf.sk\/en\/pre-studentov\/\"},{\"@type\":\"ListItem\",\"position\":3,\"name\":\"Consultation Hours\"}]},{\"@type\":\"WebSite\",\"@id\":\"https:\/\/ktr.ff.ukf.sk\/#website\",\"url\":\"https:\/\/ktr.ff.ukf.sk\/\",\"name\":\"Katedra translatologie\",\"description\":\"\",\"publisher\":{\"@id\":\"https:\/\/ktr.ff.ukf.sk\/#organization\"},\"potentialAction\":[{\"@type\":\"SearchAction\",\"target\":{\"@type\":\"EntryPoint\",\"urlTemplate\":\"https:\/\/ktr.ff.ukf.sk\/?s={search_term_string}\"},\"query-input\":{\"@type\":\"PropertyValueSpecification\",\"valueRequired\":true,\"valueName\":\"search_term_string\"}}],\"inLanguage\":\"en-US\"},{\"@type\":\"Organization\",\"@id\":\"https:\/\/ktr.ff.ukf.sk\/#organization\",\"name\":\"Katedra translatologie\",\"url\":\"https:\/\/ktr.ff.ukf.sk\/\",\"logo\":{\"@type\":\"ImageObject\",\"inLanguage\":\"en-US\",\"@id\":\"https:\/\/ktr.ff.ukf.sk\/#\/schema\/logo\/image\/\",\"url\":\"https:\/\/ktr.ff.ukf.sk\/wp-content\/uploads\/2024\/02\/logo-translatologia.png\",\"contentUrl\":\"https:\/\/ktr.ff.ukf.sk\/wp-content\/uploads\/2024\/02\/logo-translatologia.png\",\"width\":500,\"height\":120,\"caption\":\"Katedra translatologie\"},\"image\":{\"@id\":\"https:\/\/ktr.ff.ukf.sk\/#\/schema\/logo\/image\/\"}}]}<\/script>\n<!-- \/ Yoast SEO plugin. -->","yoast_head_json":{"title":"Consultation Hours - Katedra translatologie","robots":{"index":"index","follow":"follow","max-snippet":"max-snippet:-1","max-image-preview":"max-image-preview:large","max-video-preview":"max-video-preview:-1"},"canonical":"https:\/\/ktr.ff.ukf.sk\/en\/pre-studentov\/consultation-hours\/","og_locale":"en_US","og_type":"article","og_title":"Consultation Hours - Katedra translatologie","og_description":"Consultation Hours Summer Semester 2023\/2024 &nbsp; Teacher Day\/Time Office doc....","og_url":"https:\/\/ktr.ff.ukf.sk\/en\/pre-studentov\/consultation-hours\/","og_site_name":"Katedra translatologie","twitter_card":"summary_large_image","twitter_misc":{"Est. reading time":"1 minute"},"schema":{"@context":"https:\/\/schema.org","@graph":[{"@type":"WebPage","@id":"https:\/\/ktr.ff.ukf.sk\/en\/pre-studentov\/consultation-hours\/","url":"https:\/\/ktr.ff.ukf.sk\/en\/pre-studentov\/consultation-hours\/","name":"Consultation Hours - Katedra translatologie","isPartOf":{"@id":"https:\/\/ktr.ff.ukf.sk\/#website"},"datePublished":"2024-06-28T13:19:16+00:00","breadcrumb":{"@id":"https:\/\/ktr.ff.ukf.sk\/en\/pre-studentov\/consultation-hours\/#breadcrumb"},"inLanguage":"en-US","potentialAction":[{"@type":"ReadAction","target":["https:\/\/ktr.ff.ukf.sk\/en\/pre-studentov\/consultation-hours\/"]}]},{"@type":"BreadcrumbList","@id":"https:\/\/ktr.ff.ukf.sk\/en\/pre-studentov\/consultation-hours\/#breadcrumb","itemListElement":[{"@type":"ListItem","position":1,"name":"Home","item":"https:\/\/ktr.ff.ukf.sk\/en\/"},{"@type":"ListItem","position":2,"name":"For Students","item":"https:\/\/ktr.ff.ukf.sk\/en\/pre-studentov\/"},{"@type":"ListItem","position":3,"name":"Consultation Hours"}]},{"@type":"WebSite","@id":"https:\/\/ktr.ff.ukf.sk\/#website","url":"https:\/\/ktr.ff.ukf.sk\/","name":"Katedra translatologie","description":"","publisher":{"@id":"https:\/\/ktr.ff.ukf.sk\/#organization"},"potentialAction":[{"@type":"SearchAction","target":{"@type":"EntryPoint","urlTemplate":"https:\/\/ktr.ff.ukf.sk\/?s={search_term_string}"},"query-input":{"@type":"PropertyValueSpecification","valueRequired":true,"valueName":"search_term_string"}}],"inLanguage":"en-US"},{"@type":"Organization","@id":"https:\/\/ktr.ff.ukf.sk\/#organization","name":"Katedra translatologie","url":"https:\/\/ktr.ff.ukf.sk\/","logo":{"@type":"ImageObject","inLanguage":"en-US","@id":"https:\/\/ktr.ff.ukf.sk\/#\/schema\/logo\/image\/","url":"https:\/\/ktr.ff.ukf.sk\/wp-content\/uploads\/2024\/02\/logo-translatologia.png","contentUrl":"https:\/\/ktr.ff.ukf.sk\/wp-content\/uploads\/2024\/02\/logo-translatologia.png","width":500,"height":120,"caption":"Katedra translatologie"},"image":{"@id":"https:\/\/ktr.ff.ukf.sk\/#\/schema\/logo\/image\/"}}]}},"_links":{"self":[{"href":"https:\/\/ktr.ff.ukf.sk\/en\/wp-json\/wp\/v2\/pages\/15652","targetHints":{"allow":["GET"]}}],"collection":[{"href":"https:\/\/ktr.ff.ukf.sk\/en\/wp-json\/wp\/v2\/pages"}],"about":[{"href":"https:\/\/ktr.ff.ukf.sk\/en\/wp-json\/wp\/v2\/types\/page"}],"author":[{"embeddable":true,"href":"https:\/\/ktr.ff.ukf.sk\/en\/wp-json\/wp\/v2\/users\/14"}],"replies":[{"embeddable":true,"href":"https:\/\/ktr.ff.ukf.sk\/en\/wp-json\/wp\/v2\/comments?post=15652"}],"version-history":[{"count":1,"href":"https:\/\/ktr.ff.ukf.sk\/en\/wp-json\/wp\/v2\/pages\/15652\/revisions"}],"predecessor-version":[{"id":15672,"href":"https:\/\/ktr.ff.ukf.sk\/en\/wp-json\/wp\/v2\/pages\/15652\/revisions\/15672"}],"up":[{"embeddable":true,"href":"https:\/\/ktr.ff.ukf.sk\/en\/wp-json\/wp\/v2\/pages\/15665"}],"wp:attachment":[{"href":"https:\/\/ktr.ff.ukf.sk\/en\/wp-json\/wp\/v2\/media?parent=15652"}],"curies":[{"name":"wp","href":"https:\/\/api.w.org\/{rel}","templated":true}]}}