{"id":15651,"date":"2023-01-18T11:30:43","date_gmt":"2023-01-18T10:30:43","guid":{"rendered":"https:\/\/ktr.ff.ukf.sk\/?page_id=15651"},"modified":"2025-02-13T15:16:20","modified_gmt":"2025-02-13T14:16:20","slug":"student-exchange-programme","status":"publish","type":"page","link":"https:\/\/ktr.ff.ukf.sk\/en\/pre-studentov\/student-exchange-programme\/","title":{"rendered":"Student Exchange Programme"},"content":{"rendered":"<div class=\"item_fulltext\">\n<p style=\"text-align: justify;\"><strong>ERASMUS<\/strong><\/p>\n<p style=\"text-align: justify;\">Within the ERASMUS sub-programme, which is part of the Lifelong Learning Programme, student mobility for studies, teaching mobility or training for non-teaching staff can be completed at a partner institution.<\/p>\n<p style=\"text-align: justify;\"><strong>With which institutions do we have bilateral agreements within the ERASMUS programme?<\/strong><\/p>\n<p style=\"text-align: justify;\">A list of valid bilateral agreements for study fields of languages and philology as well as translation and interpreting can be found <a title=\"Open link\" href=\"\/wp-content\/uploads\/2024\/06\/erasmus-ts-langs.xlsx\" target=\"_blank\" rel=\"noopener noreferrer\">here<\/a>.<\/p>\n<p style=\"text-align: justify;\"><strong>How to proceed?<\/strong><\/p>\n<p style=\"text-align: justify;\">For further information on foreign mobility, application dates and other up-to-date information, please contact the departmental coordinator \/ faculty coordinator. All ERASMUS applications are handed to the Vice-Dean for International Relations and Development. For more information on ERASMUS and how to apply, visit the CPU homepage. <a title=\"Open link\" href=\"https:\/\/www.ukf.sk\/granty\/erasmus\/erasmus-bilaterarne-dohody\" target=\"_blank\" rel=\"noopener noreferrer\">More&#8230;<\/a><\/p>\n<p style=\"text-align: justify;\"><strong>Who can I contact?<\/strong><\/p>\n<p style=\"text-align: justify;\">PhDr. \u013dubo\u0161 T\u00f6r\u00f6k, PhD. (departmental coordinator)<br \/>\nPhDr. Da\u0161a Nov\u00e1\u010dikov\u00e1, PhD. (faculty coordinator)<\/p>\n<p style=\"text-align: justify;\"><strong>Important information and links<\/strong><\/p>\n<p style=\"text-align: justify;\"><a href=\"http:\/\/www.stipendia.sk\" target=\"_blank\" rel=\"noopener noreferrer\">www.stipendia.sk<\/a><\/p>\n<p style=\"text-align: justify;\"><a href=\"http:\/\/www.saia.sk\" target=\"_blank\" rel=\"noopener noreferrer\">www.saia.sk<\/a><\/p>\n<\/div>\n<p style=\"text-align: justify;\">Apply&#8230; Travel&#8230; Gain extraordinary international experience!<\/p>\n<p style=\"text-align: center;\"><a id=\"\" class=\"btn-01\" href=\"https:\/\/www.ukf.sk\/granty\/erasmus\/erasmus-bilaterarne-dohody\" target=\"_blank\" rel=\"noopener\">ERASMUS+<\/a><\/p>\n<p style=\"text-align: justify;\">\n","protected":false},"excerpt":{"rendered":"<p>ERASMUS Within the ERASMUS sub-programme, which is part of the&#8230;<\/p>\n","protected":false},"author":11,"featured_media":0,"parent":15665,"menu_order":0,"comment_status":"closed","ping_status":"closed","template":"","meta":{"_acf_changed":false,"footnotes":""},"class_list":["post-15651","page","type-page","status-publish","hentry"],"acf":[],"yoast_head":"<!-- This site is optimized with the Yoast SEO plugin v27.0 - https:\/\/yoast.com\/product\/yoast-seo-wordpress\/ -->\n<title>Student Exchange Programme - Katedra translatologie<\/title>\n<meta name=\"robots\" content=\"index, follow, max-snippet:-1, max-image-preview:large, max-video-preview:-1\" \/>\n<link rel=\"canonical\" href=\"https:\/\/ktr.ff.ukf.sk\/en\/pre-studentov\/student-exchange-programme\/\" \/>\n<meta property=\"og:locale\" content=\"en_US\" \/>\n<meta property=\"og:type\" content=\"article\" \/>\n<meta property=\"og:title\" content=\"Student Exchange Programme - Katedra translatologie\" \/>\n<meta property=\"og:description\" content=\"ERASMUS Within the ERASMUS sub-programme, which is part of the...\" \/>\n<meta property=\"og:url\" content=\"https:\/\/ktr.ff.ukf.sk\/en\/pre-studentov\/student-exchange-programme\/\" \/>\n<meta property=\"og:site_name\" content=\"Katedra translatologie\" \/>\n<meta property=\"article:modified_time\" content=\"2025-02-13T14:16:20+00:00\" \/>\n<meta name=\"twitter:card\" content=\"summary_large_image\" \/>\n<meta name=\"twitter:label1\" content=\"Est. reading time\" \/>\n\t<meta name=\"twitter:data1\" content=\"1 minute\" \/>\n<script type=\"application\/ld+json\" class=\"yoast-schema-graph\">{\"@context\":\"https:\/\/schema.org\",\"@graph\":[{\"@type\":\"WebPage\",\"@id\":\"https:\/\/ktr.ff.ukf.sk\/en\/pre-studentov\/student-exchange-programme\/\",\"url\":\"https:\/\/ktr.ff.ukf.sk\/en\/pre-studentov\/student-exchange-programme\/\",\"name\":\"Student Exchange Programme - Katedra translatologie\",\"isPartOf\":{\"@id\":\"https:\/\/ktr.ff.ukf.sk\/#website\"},\"datePublished\":\"2023-01-18T10:30:43+00:00\",\"dateModified\":\"2025-02-13T14:16:20+00:00\",\"breadcrumb\":{\"@id\":\"https:\/\/ktr.ff.ukf.sk\/en\/pre-studentov\/student-exchange-programme\/#breadcrumb\"},\"inLanguage\":\"en-US\",\"potentialAction\":[{\"@type\":\"ReadAction\",\"target\":[\"https:\/\/ktr.ff.ukf.sk\/en\/pre-studentov\/student-exchange-programme\/\"]}]},{\"@type\":\"BreadcrumbList\",\"@id\":\"https:\/\/ktr.ff.ukf.sk\/en\/pre-studentov\/student-exchange-programme\/#breadcrumb\",\"itemListElement\":[{\"@type\":\"ListItem\",\"position\":1,\"name\":\"Home\",\"item\":\"https:\/\/ktr.ff.ukf.sk\/en\/\"},{\"@type\":\"ListItem\",\"position\":2,\"name\":\"For Students\",\"item\":\"https:\/\/ktr.ff.ukf.sk\/en\/pre-studentov\/\"},{\"@type\":\"ListItem\",\"position\":3,\"name\":\"Student Exchange Programme\"}]},{\"@type\":\"WebSite\",\"@id\":\"https:\/\/ktr.ff.ukf.sk\/#website\",\"url\":\"https:\/\/ktr.ff.ukf.sk\/\",\"name\":\"Katedra translatologie\",\"description\":\"\",\"publisher\":{\"@id\":\"https:\/\/ktr.ff.ukf.sk\/#organization\"},\"potentialAction\":[{\"@type\":\"SearchAction\",\"target\":{\"@type\":\"EntryPoint\",\"urlTemplate\":\"https:\/\/ktr.ff.ukf.sk\/?s={search_term_string}\"},\"query-input\":{\"@type\":\"PropertyValueSpecification\",\"valueRequired\":true,\"valueName\":\"search_term_string\"}}],\"inLanguage\":\"en-US\"},{\"@type\":\"Organization\",\"@id\":\"https:\/\/ktr.ff.ukf.sk\/#organization\",\"name\":\"Katedra translatologie\",\"url\":\"https:\/\/ktr.ff.ukf.sk\/\",\"logo\":{\"@type\":\"ImageObject\",\"inLanguage\":\"en-US\",\"@id\":\"https:\/\/ktr.ff.ukf.sk\/#\/schema\/logo\/image\/\",\"url\":\"https:\/\/ktr.ff.ukf.sk\/wp-content\/uploads\/2024\/02\/logo-translatologia.png\",\"contentUrl\":\"https:\/\/ktr.ff.ukf.sk\/wp-content\/uploads\/2024\/02\/logo-translatologia.png\",\"width\":500,\"height\":120,\"caption\":\"Katedra translatologie\"},\"image\":{\"@id\":\"https:\/\/ktr.ff.ukf.sk\/#\/schema\/logo\/image\/\"}}]}<\/script>\n<!-- \/ Yoast SEO plugin. -->","yoast_head_json":{"title":"Student Exchange Programme - Katedra translatologie","robots":{"index":"index","follow":"follow","max-snippet":"max-snippet:-1","max-image-preview":"max-image-preview:large","max-video-preview":"max-video-preview:-1"},"canonical":"https:\/\/ktr.ff.ukf.sk\/en\/pre-studentov\/student-exchange-programme\/","og_locale":"en_US","og_type":"article","og_title":"Student Exchange Programme - Katedra translatologie","og_description":"ERASMUS Within the ERASMUS sub-programme, which is part of the...","og_url":"https:\/\/ktr.ff.ukf.sk\/en\/pre-studentov\/student-exchange-programme\/","og_site_name":"Katedra translatologie","article_modified_time":"2025-02-13T14:16:20+00:00","twitter_card":"summary_large_image","twitter_misc":{"Est. reading time":"1 minute"},"schema":{"@context":"https:\/\/schema.org","@graph":[{"@type":"WebPage","@id":"https:\/\/ktr.ff.ukf.sk\/en\/pre-studentov\/student-exchange-programme\/","url":"https:\/\/ktr.ff.ukf.sk\/en\/pre-studentov\/student-exchange-programme\/","name":"Student Exchange Programme - Katedra translatologie","isPartOf":{"@id":"https:\/\/ktr.ff.ukf.sk\/#website"},"datePublished":"2023-01-18T10:30:43+00:00","dateModified":"2025-02-13T14:16:20+00:00","breadcrumb":{"@id":"https:\/\/ktr.ff.ukf.sk\/en\/pre-studentov\/student-exchange-programme\/#breadcrumb"},"inLanguage":"en-US","potentialAction":[{"@type":"ReadAction","target":["https:\/\/ktr.ff.ukf.sk\/en\/pre-studentov\/student-exchange-programme\/"]}]},{"@type":"BreadcrumbList","@id":"https:\/\/ktr.ff.ukf.sk\/en\/pre-studentov\/student-exchange-programme\/#breadcrumb","itemListElement":[{"@type":"ListItem","position":1,"name":"Home","item":"https:\/\/ktr.ff.ukf.sk\/en\/"},{"@type":"ListItem","position":2,"name":"For Students","item":"https:\/\/ktr.ff.ukf.sk\/en\/pre-studentov\/"},{"@type":"ListItem","position":3,"name":"Student Exchange Programme"}]},{"@type":"WebSite","@id":"https:\/\/ktr.ff.ukf.sk\/#website","url":"https:\/\/ktr.ff.ukf.sk\/","name":"Katedra translatologie","description":"","publisher":{"@id":"https:\/\/ktr.ff.ukf.sk\/#organization"},"potentialAction":[{"@type":"SearchAction","target":{"@type":"EntryPoint","urlTemplate":"https:\/\/ktr.ff.ukf.sk\/?s={search_term_string}"},"query-input":{"@type":"PropertyValueSpecification","valueRequired":true,"valueName":"search_term_string"}}],"inLanguage":"en-US"},{"@type":"Organization","@id":"https:\/\/ktr.ff.ukf.sk\/#organization","name":"Katedra translatologie","url":"https:\/\/ktr.ff.ukf.sk\/","logo":{"@type":"ImageObject","inLanguage":"en-US","@id":"https:\/\/ktr.ff.ukf.sk\/#\/schema\/logo\/image\/","url":"https:\/\/ktr.ff.ukf.sk\/wp-content\/uploads\/2024\/02\/logo-translatologia.png","contentUrl":"https:\/\/ktr.ff.ukf.sk\/wp-content\/uploads\/2024\/02\/logo-translatologia.png","width":500,"height":120,"caption":"Katedra translatologie"},"image":{"@id":"https:\/\/ktr.ff.ukf.sk\/#\/schema\/logo\/image\/"}}]}},"_links":{"self":[{"href":"https:\/\/ktr.ff.ukf.sk\/en\/wp-json\/wp\/v2\/pages\/15651","targetHints":{"allow":["GET"]}}],"collection":[{"href":"https:\/\/ktr.ff.ukf.sk\/en\/wp-json\/wp\/v2\/pages"}],"about":[{"href":"https:\/\/ktr.ff.ukf.sk\/en\/wp-json\/wp\/v2\/types\/page"}],"author":[{"embeddable":true,"href":"https:\/\/ktr.ff.ukf.sk\/en\/wp-json\/wp\/v2\/users\/11"}],"replies":[{"embeddable":true,"href":"https:\/\/ktr.ff.ukf.sk\/en\/wp-json\/wp\/v2\/comments?post=15651"}],"version-history":[{"count":4,"href":"https:\/\/ktr.ff.ukf.sk\/en\/wp-json\/wp\/v2\/pages\/15651\/revisions"}],"predecessor-version":[{"id":16977,"href":"https:\/\/ktr.ff.ukf.sk\/en\/wp-json\/wp\/v2\/pages\/15651\/revisions\/16977"}],"up":[{"embeddable":true,"href":"https:\/\/ktr.ff.ukf.sk\/en\/wp-json\/wp\/v2\/pages\/15665"}],"wp:attachment":[{"href":"https:\/\/ktr.ff.ukf.sk\/en\/wp-json\/wp\/v2\/media?parent=15651"}],"curies":[{"name":"wp","href":"https:\/\/api.w.org\/{rel}","templated":true}]}}