{"id":15601,"date":"2024-06-28T14:20:17","date_gmt":"2024-06-28T12:20:17","guid":{"rendered":"https:\/\/ktr.ff.ukf.sk\/?page_id=15601"},"modified":"2024-06-28T14:20:17","modified_gmt":"2024-06-28T12:20:17","slug":"successful-graduates","status":"publish","type":"page","link":"https:\/\/ktr.ff.ukf.sk\/en\/about-us\/successful-graduates\/","title":{"rendered":"Successful Graduates"},"content":{"rendered":"<div class=\"item_fulltext\">\n<div class=\"item_fulltext\">\n<h5 style=\"text-align: justify;\">Literary and Audiovisual Translation:<\/h5>\n<p style=\"text-align: justify;\">Mgr. Veronika Fra\u0148ov\u00e1<br \/>\ntranslation of subtitles and subtitling for the deaf and hard-of-hearing<\/p>\n<p style=\"text-align: justify;\">Mgr. Jozef Klinga<br \/>\ntranslator (TATRAN, Ikar, Aktuell, Fortuna Libri, Fragment, Albatros, BewussteinsAkademie, Citadella, CooBoo, YoYo Books), illustrator, dubbing translation<\/p>\n<p style=\"text-align: justify;\">Mgr. So\u0148a Kondelov\u00e1, PhD.<br \/>\ntranslator and editor-in-chief, ENIGMA publishing house<\/p>\n<p style=\"text-align: justify;\">Mgr. Barbora Kr\u00e1\u013eov\u00e1, PhD.<br \/>\neditor in chief of Ikar publishing house (belles-lettres section)<\/p>\n<p style=\"text-align: justify;\">Mgr. Linda Mag\u00e1thov\u00e1<br \/>\ntranslator (Citadella, Albatros, Tatran)<\/p>\n<p style=\"text-align: justify;\">Mgr. Em\u00edlia Perez, PhD.<br \/>\ntranslator (FORTUNA LIBRIS, ALBATROS, translation of audiovisual texts)<\/p>\n<p style=\"text-align: justify;\">Mgr. Magdal\u00e9na Poppelkov\u00e1<br \/>\neditor, translator Albatros Media<\/p>\n<p style=\"text-align: justify;\">Mgr. Katar\u00edna Slivkov\u00e1<br \/>\ntranslator and editor (FORTUNA LIBRIS, ALBATROS)<\/p>\n<p style=\"text-align: justify;\">Mgr. Igor Ty\u0161\u0161, PhD.<br \/>\ntranslator (Ikar)<\/p>\n<p style=\"text-align: justify;\">Mgr. Andrej Zahor\u00e1k, PhD.<br \/>\ntranslator (TATRAN, Fortuna Libri)<\/p>\n<h5 style=\"text-align: justify;\">Literary Creation:<\/h5>\n<p style=\"text-align: justify;\">Mgr. Igor Ty\u0161\u0161, PhD.<br \/>\npoems (MilaniuM)<\/p>\n<h5 style=\"text-align: justify;\">Specialised Translation and Interpreting:<\/h5>\n<p style=\"text-align: justify;\">Mgr. So\u0148a Hod\u00e1kov\u00e1, PhD.<br \/>\nMgr. Linda Mag\u00e1thov\u00e1<br \/>\nMgr. Oskar Salay<br \/>\nMgr. Jana Uku\u0161ov\u00e1<br \/>\nMgr. J\u00e1n \u017delonka, PhD.<\/p>\n<h5 style=\"text-align: justify;\">Institutions:<\/h5>\n<p style=\"text-align: justify;\">Mgr. Ondrej Droba<br \/>\nEuropean Parliament, Brussels<\/p>\n<p style=\"text-align: justify;\">Mgr. Lenka M\u00e9sz\u00e1rosov\u00e1<br \/>\nTrainee at the Directorate-General for Translation, European Commission, Luxembourg<\/p>\n<p style=\"text-align: justify;\">Mgr. Dominika Tekeliov\u00e1, PhD.<br \/>\nMunicipal Government Deputy, Municipal Authority in Nitra<\/p>\n<h5 style=\"text-align: justify;\">Media:<\/h5>\n<p style=\"text-align: justify;\">Tatiana Bedn\u00e1rikov\u00e1<br \/>\nAFP (Agence France-Presse)<\/p>\n<p style=\"text-align: justify;\">Mgr. Gabriela Kajt\u00e1rov\u00e1<br \/>\nreporter at TV MARK\u00cdZA, former world news reporter at RTVS<\/p>\n<h5 style=\"text-align: justify;\">Companies:<\/h5>\n<p style=\"text-align: justify;\">Mgr. Jakub Absolon, PhD.<br \/>\nDirector of Translation Agency ASAP<\/p>\n<p style=\"text-align: justify;\">Mgr. Marianna Andr\u00e1\u0161kov\u00e1<br \/>\nteamleader, IBM<\/p>\n<p style=\"text-align: justify;\">Mgr. Lucia Domarack\u00e1<br \/>\nglobal reinsurance and insurance, Swiss Re<\/p>\n<p style=\"text-align: justify;\">Mgr. Miriam Herud<br \/>\nLanguage Studio Euphema \u2013 co-founder, language coaching, translations<\/p>\n<p style=\"text-align: justify;\">Mgr. Slavom\u00edr Hru\u0161ka<br \/>\nInvestment Manager, Author of Technological Platform for the Distribution and Management of Translations<\/p>\n<p style=\"text-align: justify;\">Mgr. Eva Klaud\u00ednyov\u00e1<br \/>\nsenior manager, VMware, Inc., Silicon Valley, CA<\/p>\n<p style=\"text-align: justify;\">Mgr. So\u0148a Kondelov\u00e1, PhD.<br \/>\nENIGMA publishing house<\/p>\n<p style=\"text-align: justify;\">Mgr. Nina Nov\u00e1kov\u00e1<br \/>\nHead of the Department of Declarations, Print and Design at the company Lidl, Slovakia<\/p>\n<p style=\"text-align: justify;\">Mgr. Viktor Timko<br \/>\naccount manager, Amazon<\/p>\n<h5 style=\"text-align: justify;\">Universities:<\/h5>\n<p style=\"text-align: justify;\">PaedDr. Pavol Burcl, PhD.<br \/>\nLanguage Centre, FA CPU Nitra<\/p>\n<p style=\"text-align: justify;\">Mgr. J\u00e1n \u010cak\u00e1nek, PhD.<br \/>\nDepartment of German Studies, FA CPU Nitra<\/p>\n<p style=\"text-align: justify;\">Mgr. Stanislava G\u00e1lov\u00e1, PhD.<br \/>\nDepartment of Language Communication, SUA Nitra<\/p>\n<p style=\"text-align: justify;\">Mgr. So\u0148a Hod\u00e1kov\u00e1, PhD.<br \/>\nDepartment of Translation Studies, FA CPU Nitra<\/p>\n<p style=\"text-align: justify;\">Doc. PhDr. M\u00e1ria Hrickov\u00e1, PhD.<br \/>\nDepartment of English and American Studies, FA CPU Nitra<\/p>\n<p style=\"text-align: justify;\">Mgr. Jela Kehoe, PhD.<br \/>\nDepartment of English and American Studies, FA CU in Ru\u017eomberok<\/p>\n<p style=\"text-align: justify;\">Mgr. Simona Klimkov\u00e1, PhD.<br \/>\nDepartment of English and American Studies, FA CPU Nitra<\/p>\n<p style=\"text-align: justify;\">Mgr. Zuzana Koz\u00e1\u010dikov\u00e1, PhD.<br \/>\nDepartment of English and American Studies, FA CPU Nitra<\/p>\n<p style=\"text-align: justify;\">Mgr. Martina Mac\u00fachov\u00e1, PhD.<br \/>\nLanguage Centre, FA CPU Nitra<\/p>\n<p style=\"text-align: justify;\">Mgr. Lenka Michel\u010d\u00edkov\u00e1, PhD.<br \/>\nDepartment of Translation Studies, FA CPU Nitra<\/p>\n<p style=\"text-align: justify;\">PhDr. \u013dudmila P\u00e1nisov\u00e1, PhD.<br \/>\nDepartment of Translation Studies, FA CPU Nitra<\/p>\n<p style=\"text-align: justify;\">Mgr. Em\u00edlia Perez, PhD.<br \/>\nDepartment of Translation Studies, FA CPU Nitra<\/p>\n<p style=\"text-align: justify;\">PhDr. Bo\u017eena Petr\u00e1\u0161ov\u00e1, PhD.<br \/>\nDepartment of English and American Studies, FA UCM in Trnava<\/p>\n<p style=\"text-align: justify;\">Mgr. Jozef \u0160tef\u010d\u00edk, PhD.<br \/>\nUniversity of Economics in Bratislava, formerly Department of Translation Studies, FA CPU Nitra<\/p>\n<p style=\"text-align: justify;\">Mgr. Zuzana Taba\u010dkov\u00e1, PhD.<br \/>\nDepartment of Language Pedagogy and Intercultural Studies, FE CPU Nitra<\/p>\n<p style=\"text-align: justify;\">PhDr. \u013dubo\u0161 T\u00f6r\u00f6k, PhD.<br \/>\nDepartment of Translation Studies, MG deputy, MA in Nitra<\/p>\n<p style=\"text-align: justify;\">Mgr. Igor Ty\u0161\u0161, PhD.<br \/>\nDepartment of Translation Studies, FA CPU Nitra<\/p>\n<p style=\"text-align: justify;\">PhDr. V\u00edt\u011bzslav Vil\u00edmek, PhD.<br \/>\nFaculty of Arts, University of Ostrava in Ostrava<\/p>\n<p style=\"text-align: justify;\">PhDr. Erv\u00edn Weiss, PhD.<br \/>\nDepartment of German Studies, FA CPU Nitra<\/p>\n<p style=\"text-align: justify;\">Mgr. Katar\u00edna Welnitzov\u00e1, PhD.<br \/>\nDepartment of Translation Studies, FA CPU Nitra<\/p>\n<p style=\"text-align: justify;\">PhDr. Andrej Zahor\u00e1k, PhD.<br \/>\nDepartment of Translation Studies, FA CPU Nitra<\/p>\n<\/div>\n<\/div>\n","protected":false},"excerpt":{"rendered":"<p>Literary and Audiovisual Translation: Mgr. Veronika Fra\u0148ov\u00e1 translation of subtitles&#8230;<\/p>\n","protected":false},"author":14,"featured_media":0,"parent":12988,"menu_order":5,"comment_status":"closed","ping_status":"closed","template":"","meta":{"_acf_changed":false,"footnotes":""},"class_list":["post-15601","page","type-page","status-publish","hentry"],"acf":[],"yoast_head":"<!-- This site is optimized with the Yoast SEO plugin v27.0 - https:\/\/yoast.com\/product\/yoast-seo-wordpress\/ -->\n<title>Successful Graduates - Katedra translatologie<\/title>\n<meta name=\"robots\" content=\"index, follow, max-snippet:-1, max-image-preview:large, max-video-preview:-1\" \/>\n<link rel=\"canonical\" href=\"https:\/\/ktr.ff.ukf.sk\/en\/about-us\/successful-graduates\/\" \/>\n<meta property=\"og:locale\" content=\"en_US\" \/>\n<meta property=\"og:type\" content=\"article\" \/>\n<meta property=\"og:title\" content=\"Successful Graduates - Katedra translatologie\" \/>\n<meta property=\"og:description\" content=\"Literary and Audiovisual Translation: Mgr. Veronika Fra\u0148ov\u00e1 translation of subtitles...\" \/>\n<meta property=\"og:url\" content=\"https:\/\/ktr.ff.ukf.sk\/en\/about-us\/successful-graduates\/\" \/>\n<meta property=\"og:site_name\" content=\"Katedra translatologie\" \/>\n<meta name=\"twitter:card\" content=\"summary_large_image\" \/>\n<meta name=\"twitter:label1\" content=\"Est. reading time\" \/>\n\t<meta name=\"twitter:data1\" content=\"3 minutes\" \/>\n<script type=\"application\/ld+json\" class=\"yoast-schema-graph\">{\"@context\":\"https:\/\/schema.org\",\"@graph\":[{\"@type\":\"WebPage\",\"@id\":\"https:\/\/ktr.ff.ukf.sk\/en\/about-us\/successful-graduates\/\",\"url\":\"https:\/\/ktr.ff.ukf.sk\/en\/about-us\/successful-graduates\/\",\"name\":\"Successful Graduates - Katedra translatologie\",\"isPartOf\":{\"@id\":\"https:\/\/ktr.ff.ukf.sk\/#website\"},\"datePublished\":\"2024-06-28T12:20:17+00:00\",\"breadcrumb\":{\"@id\":\"https:\/\/ktr.ff.ukf.sk\/en\/about-us\/successful-graduates\/#breadcrumb\"},\"inLanguage\":\"en-US\",\"potentialAction\":[{\"@type\":\"ReadAction\",\"target\":[\"https:\/\/ktr.ff.ukf.sk\/en\/about-us\/successful-graduates\/\"]}]},{\"@type\":\"BreadcrumbList\",\"@id\":\"https:\/\/ktr.ff.ukf.sk\/en\/about-us\/successful-graduates\/#breadcrumb\",\"itemListElement\":[{\"@type\":\"ListItem\",\"position\":1,\"name\":\"Home\",\"item\":\"https:\/\/ktr.ff.ukf.sk\/en\/\"},{\"@type\":\"ListItem\",\"position\":2,\"name\":\"About Us\",\"item\":\"https:\/\/ktr.ff.ukf.sk\/en\/about-us\/\"},{\"@type\":\"ListItem\",\"position\":3,\"name\":\"Successful Graduates\"}]},{\"@type\":\"WebSite\",\"@id\":\"https:\/\/ktr.ff.ukf.sk\/#website\",\"url\":\"https:\/\/ktr.ff.ukf.sk\/\",\"name\":\"Katedra translatologie\",\"description\":\"\",\"publisher\":{\"@id\":\"https:\/\/ktr.ff.ukf.sk\/#organization\"},\"potentialAction\":[{\"@type\":\"SearchAction\",\"target\":{\"@type\":\"EntryPoint\",\"urlTemplate\":\"https:\/\/ktr.ff.ukf.sk\/?s={search_term_string}\"},\"query-input\":{\"@type\":\"PropertyValueSpecification\",\"valueRequired\":true,\"valueName\":\"search_term_string\"}}],\"inLanguage\":\"en-US\"},{\"@type\":\"Organization\",\"@id\":\"https:\/\/ktr.ff.ukf.sk\/#organization\",\"name\":\"Katedra translatologie\",\"url\":\"https:\/\/ktr.ff.ukf.sk\/\",\"logo\":{\"@type\":\"ImageObject\",\"inLanguage\":\"en-US\",\"@id\":\"https:\/\/ktr.ff.ukf.sk\/#\/schema\/logo\/image\/\",\"url\":\"https:\/\/ktr.ff.ukf.sk\/wp-content\/uploads\/2024\/02\/logo-translatologia.png\",\"contentUrl\":\"https:\/\/ktr.ff.ukf.sk\/wp-content\/uploads\/2024\/02\/logo-translatologia.png\",\"width\":500,\"height\":120,\"caption\":\"Katedra translatologie\"},\"image\":{\"@id\":\"https:\/\/ktr.ff.ukf.sk\/#\/schema\/logo\/image\/\"}}]}<\/script>\n<!-- \/ Yoast SEO plugin. -->","yoast_head_json":{"title":"Successful Graduates - Katedra translatologie","robots":{"index":"index","follow":"follow","max-snippet":"max-snippet:-1","max-image-preview":"max-image-preview:large","max-video-preview":"max-video-preview:-1"},"canonical":"https:\/\/ktr.ff.ukf.sk\/en\/about-us\/successful-graduates\/","og_locale":"en_US","og_type":"article","og_title":"Successful Graduates - Katedra translatologie","og_description":"Literary and Audiovisual Translation: Mgr. Veronika Fra\u0148ov\u00e1 translation of subtitles...","og_url":"https:\/\/ktr.ff.ukf.sk\/en\/about-us\/successful-graduates\/","og_site_name":"Katedra translatologie","twitter_card":"summary_large_image","twitter_misc":{"Est. reading time":"3 minutes"},"schema":{"@context":"https:\/\/schema.org","@graph":[{"@type":"WebPage","@id":"https:\/\/ktr.ff.ukf.sk\/en\/about-us\/successful-graduates\/","url":"https:\/\/ktr.ff.ukf.sk\/en\/about-us\/successful-graduates\/","name":"Successful Graduates - Katedra translatologie","isPartOf":{"@id":"https:\/\/ktr.ff.ukf.sk\/#website"},"datePublished":"2024-06-28T12:20:17+00:00","breadcrumb":{"@id":"https:\/\/ktr.ff.ukf.sk\/en\/about-us\/successful-graduates\/#breadcrumb"},"inLanguage":"en-US","potentialAction":[{"@type":"ReadAction","target":["https:\/\/ktr.ff.ukf.sk\/en\/about-us\/successful-graduates\/"]}]},{"@type":"BreadcrumbList","@id":"https:\/\/ktr.ff.ukf.sk\/en\/about-us\/successful-graduates\/#breadcrumb","itemListElement":[{"@type":"ListItem","position":1,"name":"Home","item":"https:\/\/ktr.ff.ukf.sk\/en\/"},{"@type":"ListItem","position":2,"name":"About Us","item":"https:\/\/ktr.ff.ukf.sk\/en\/about-us\/"},{"@type":"ListItem","position":3,"name":"Successful Graduates"}]},{"@type":"WebSite","@id":"https:\/\/ktr.ff.ukf.sk\/#website","url":"https:\/\/ktr.ff.ukf.sk\/","name":"Katedra translatologie","description":"","publisher":{"@id":"https:\/\/ktr.ff.ukf.sk\/#organization"},"potentialAction":[{"@type":"SearchAction","target":{"@type":"EntryPoint","urlTemplate":"https:\/\/ktr.ff.ukf.sk\/?s={search_term_string}"},"query-input":{"@type":"PropertyValueSpecification","valueRequired":true,"valueName":"search_term_string"}}],"inLanguage":"en-US"},{"@type":"Organization","@id":"https:\/\/ktr.ff.ukf.sk\/#organization","name":"Katedra translatologie","url":"https:\/\/ktr.ff.ukf.sk\/","logo":{"@type":"ImageObject","inLanguage":"en-US","@id":"https:\/\/ktr.ff.ukf.sk\/#\/schema\/logo\/image\/","url":"https:\/\/ktr.ff.ukf.sk\/wp-content\/uploads\/2024\/02\/logo-translatologia.png","contentUrl":"https:\/\/ktr.ff.ukf.sk\/wp-content\/uploads\/2024\/02\/logo-translatologia.png","width":500,"height":120,"caption":"Katedra translatologie"},"image":{"@id":"https:\/\/ktr.ff.ukf.sk\/#\/schema\/logo\/image\/"}}]}},"_links":{"self":[{"href":"https:\/\/ktr.ff.ukf.sk\/en\/wp-json\/wp\/v2\/pages\/15601","targetHints":{"allow":["GET"]}}],"collection":[{"href":"https:\/\/ktr.ff.ukf.sk\/en\/wp-json\/wp\/v2\/pages"}],"about":[{"href":"https:\/\/ktr.ff.ukf.sk\/en\/wp-json\/wp\/v2\/types\/page"}],"author":[{"embeddable":true,"href":"https:\/\/ktr.ff.ukf.sk\/en\/wp-json\/wp\/v2\/users\/14"}],"replies":[{"embeddable":true,"href":"https:\/\/ktr.ff.ukf.sk\/en\/wp-json\/wp\/v2\/comments?post=15601"}],"version-history":[{"count":1,"href":"https:\/\/ktr.ff.ukf.sk\/en\/wp-json\/wp\/v2\/pages\/15601\/revisions"}],"predecessor-version":[{"id":15623,"href":"https:\/\/ktr.ff.ukf.sk\/en\/wp-json\/wp\/v2\/pages\/15601\/revisions\/15623"}],"up":[{"embeddable":true,"href":"https:\/\/ktr.ff.ukf.sk\/en\/wp-json\/wp\/v2\/pages\/12988"}],"wp:attachment":[{"href":"https:\/\/ktr.ff.ukf.sk\/en\/wp-json\/wp\/v2\/media?parent=15601"}],"curies":[{"name":"wp","href":"https:\/\/api.w.org\/{rel}","templated":true}]}}